{"id":7092,"date":"2021-11-10T15:16:13","date_gmt":"2021-11-10T19:16:13","guid":{"rendered":"https:\/\/www3.scholastic.ca\/nl-science\/?page_id=7092"},"modified":"2021-11-15T11:58:33","modified_gmt":"2021-11-15T15:58:33","slug":"guide-denseignement","status":"publish","type":"page","link":"https:\/\/www3.scholastic.ca\/nl-science\/home\/bienvenue-dans-explorons-la-science-3e-annee\/les-forces-invisibles\/guide-denseignement\/","title":{"rendered":"Guide d&#8217;enseignement"},"content":{"rendered":"\n<div class=\"wp-block-columns is-layout-flex wp-container-core-columns-is-layout-9d6595d7 wp-block-columns-is-layout-flex\">\n<div class=\"wp-block-column is-layout-flow wp-block-column-is-layout-flow\" style=\"flex-basis:56%\"><div class=\"detailed-link\">\n    <div class=\"link-text\">\n        <a\n          href=\"javascript: return false;\"\n                    >\n          Remarque : Les pages peuvent \u00eatre t\u00e9l\u00e9charg\u00e9es.        <\/a>\n            <\/div>\n    <span style=\"display: none;\"\n      class=\"variables-hidden icons-show\"      >\n      document    <\/span>\n      <\/a>\n<\/div>\n<\/div>\n\n\n\n<div class=\"wp-block-column is-layout-flow wp-block-column-is-layout-flow\"><\/div>\n<\/div>\n\n\n\n<div class=\"wp-block-columns is-layout-flex wp-container-core-columns-is-layout-9d6595d7 wp-block-columns-is-layout-flex\">\n<div class=\"wp-block-column is-layout-flow wp-block-column-is-layout-flow\" style=\"flex-basis:50%\">\n<div class=\"wp-block-group\"><div class=\"wp-block-group__inner-container is-layout-flow wp-block-group-is-layout-flow\"><div class=\"detailed-link\">\n    <div class=\"link-text\">\n        <a\n          href=\"\/nl-science\/wp-content\/uploads\/sites\/13\/NL-Gr3\/French\/ForcesInvisibles-TG\/3-bienvenue.pdf\"\n          target=\"_blank\"          >\n          &#8211; Bienvenue dans le module Les forces invisibles        <\/a>\n            <\/div>\n    <span style=\"display: none;\"\n      class=\"variables-hidden icons-hide\"      >\n      document    <\/span>\n      <\/a>\n<\/div>\n\n\n<div class=\"detailed-link\">\n    <div class=\"link-text\">\n        <a\n          href=\"\/nl-science\/wp-content\/uploads\/sites\/13\/NL-Gr3\/French\/ForcesInvisibles-TG\/6-guide-planification.pdf\"\n          target=\"_blank\"          >\n          &#8211; Guide de planification        <\/a>\n            <\/div>\n    <span style=\"display: none;\"\n      class=\"variables-hidden icons-hide\"      >\n      document    <\/span>\n      <\/a>\n<\/div>\n\n\n<div class=\"detailed-link\">\n    <div class=\"link-text\">\n        <a\n          href=\"\/nl-science\/wp-content\/uploads\/sites\/13\/NL-Gr3\/French\/ForcesInvisibles-TG\/10-preparation.pdf\"\n          target=\"_blank\"          >\n          &#8211; Pr\u00e9paration pour le module        <\/a>\n            <\/div>\n    <span style=\"display: none;\"\n      class=\"variables-hidden icons-hide\"      >\n      document    <\/span>\n      <\/a>\n<\/div>\n<\/div><\/div>\n<\/div>\n\n\n\n<div class=\"wp-block-column is-layout-flow wp-block-column-is-layout-flow\" style=\"flex-basis:20%\">\n<div class=\"wp-block-group\"><div class=\"wp-block-group__inner-container is-layout-flow wp-block-group-is-layout-flow\">\n<p class=\"has-text-color\" style=\"color:#f37507\"><strong>Guide d&#8217;enseignement entier <\/strong><\/p>\n\n\n<a\n  class=\"image-button\"\n  href=\"\/nl-science\/wp-content\/uploads\/sites\/13\/NL-Gr3\/French\/ForcesInvisibles-TG\/les-forces-invisibles-guide.pdf\"\n  title=\"Les forces invisibles couverture\"\n>\n\n  <div class=\"link-indicator\"><\/div>\n  <img decoding=\"async\" src=\"https:\/\/www3.scholastic.ca\/nl-science\/wp-content\/uploads\/sites\/13\/NL-TG-Covers\/French\/Gr3_LesForces-invisibles_TG-cvr.jpg\" alt=\"\"\/>\n\n<\/a>\n<\/div><\/div>\n\n\n\n<p><\/p>\n<\/div>\n<\/div>\n\n\n\n<div class=\"wp-block-columns is-layout-flex wp-container-core-columns-is-layout-9d6595d7 wp-block-columns-is-layout-flex\">\n<div class=\"wp-block-column is-layout-flow wp-block-column-is-layout-flow\">\n<p class=\"has-text-color\" style=\"color:#f37507\"><strong>Plans d\u2019enseignement<\/strong><\/p>\n\n\n<div class=\"detailed-link\">\n    <div class=\"link-text\">\n        <a\n          href=\"\/nl-science\/wp-content\/uploads\/sites\/13\/NL-Gr3\/French\/ForcesInvisibles-TG\/10-exploration-desforces.pdf\"\n          target=\"_blank\"          >\n          &#8211; L\u2019exploration des forces invisibles        <\/a>\n            <\/div>\n    <span style=\"display: none;\"\n      class=\"variables-hidden icons-hide\"      >\n      document    <\/span>\n      <\/a>\n<\/div>\n\n\n<div class=\"detailed-link\">\n    <div class=\"link-text\">\n        <a\n          href=\"\/nl-science\/wp-content\/uploads\/sites\/13\/NL-Gr3\/French\/ForcesInvisibles-TG\/16-production-electricite-statique.pdf\"\n          target=\"_blank\"          >\n          &#8211; La production d\u2019\u00e9lectricit\u00e9 statique        <\/a>\n            <\/div>\n    <span style=\"display: none;\"\n      class=\"variables-hidden icons-hide\"      >\n      document    <\/span>\n      <\/a>\n<\/div>\n\n\n<div class=\"detailed-link\">\n    <div class=\"link-text\">\n        <a\n          href=\"\/nl-science\/wp-content\/uploads\/sites\/13\/NL-Gr3\/French\/ForcesInvisibles-TG\/23-quelles-conditions.pdf\"\n          target=\"_blank\"          >\n          &#8211; Quelles conditions agissent sur l\u2019\u00e9lectricit\u00e9 statique?        <\/a>\n            <\/div>\n    <span style=\"display: none;\"\n      class=\"variables-hidden icons-hide\"      >\n      document    <\/span>\n      <\/a>\n<\/div>\n\n\n<div class=\"detailed-link\">\n    <div class=\"link-text\">\n        <a\n          href=\"\/nl-science\/wp-content\/uploads\/sites\/13\/NL-Gr3\/French\/ForcesInvisibles-TG\/27-quelles-substances.pdf\"\n          target=\"_blank\"          >\n          &#8211; Quelles substances sont attir\u00e9es par les aimants?        <\/a>\n            <\/div>\n    <span style=\"display: none;\"\n      class=\"variables-hidden icons-hide\"      >\n      document    <\/span>\n      <\/a>\n<\/div>\n\n\n<div class=\"detailed-link\">\n    <div class=\"link-text\">\n        <a\n          href=\"\/nl-science\/wp-content\/uploads\/sites\/13\/NL-Gr3\/French\/ForcesInvisibles-TG\/33-fabrique-ton-propre.pdf\"\n          target=\"_blank\"          >\n          &#8211; Fabrique ton propre aimant        <\/a>\n            <\/div>\n    <span style=\"display: none;\"\n      class=\"variables-hidden icons-hide\"      >\n      document    <\/span>\n      <\/a>\n<\/div>\n\n\n<div class=\"detailed-link\">\n    <div class=\"link-text\">\n        <a\n          href=\"\/nl-science\/wp-content\/uploads\/sites\/13\/NL-Gr3\/French\/ForcesInvisibles-TG\/38-questce-puissance-aimant.pdf\"\n          target=\"_blank\"          >\n          &#8211; Qu\u2019est-ce qui agit sur la puissance d\u2019un aimant?        <\/a>\n            <\/div>\n    <span style=\"display: none;\"\n      class=\"variables-hidden icons-hide\"      >\n      document    <\/span>\n      <\/a>\n<\/div>\n\n\n<div class=\"detailed-link\">\n    <div class=\"link-text\">\n        <a\n          href=\"\/nl-science\/wp-content\/uploads\/sites\/13\/NL-Gr3\/French\/ForcesInvisibles-TG\/44-quese-passetil-deux-aimants.pdf\"\n          target=\"_blank\"          >\n          &#8211; Que se passe-t-il quand deux aimants se rencontrent?        <\/a>\n            <\/div>\n    <span style=\"display: none;\"\n      class=\"variables-hidden icons-hide\"      >\n      document    <\/span>\n      <\/a>\n<\/div>\n\n\n<div class=\"detailed-link\">\n    <div class=\"link-text\">\n        <a\n          href=\"\/nl-science\/wp-content\/uploads\/sites\/13\/NL-Gr3\/French\/ForcesInvisibles-TG\/50-defi-conception.pdf\"\n          target=\"_blank\"          >\n          &#8211; D\u00e9fi de conception : Fabriquer un objet qui utilise les forces invisibles        <\/a>\n            <\/div>\n    <span style=\"display: none;\"\n      class=\"variables-hidden icons-show\"      >\n      document    <\/span>\n      <\/a>\n<\/div>\n\n\n<div class=\"detailed-link\">\n    <div class=\"link-text\">\n        <a\n          href=\"\/nl-science\/wp-content\/uploads\/sites\/13\/NL-Gr3\/French\/ForcesInvisibles-TG\/56-levaluation-objets-fabrique.pdf\"\n          target=\"_blank\"          >\n          &#8211; L\u2019\u00e9valuation des objets fabriqu\u00e9s        <\/a>\n            <\/div>\n    <span style=\"display: none;\"\n      class=\"variables-hidden icons-show\"      >\n      document    <\/span>\n      <\/a>\n<\/div>\n\n\n\n<div style=\"height:245px\" aria-hidden=\"true\" class=\"wp-block-spacer\"><\/div>\n\n\n<a\n  class=\"ed-button small sec-text link-ind\"\n  href=\"\/nl-science\/home\/bienvenue-dans-explorons-la-science-3e-annee\/les-forces-invisibles\/guide-denseignement\/feuilles-reproductibles-fr\/\"\n    style=\"border-bottom: 2px solid #f8ef45\"\n>\n\n  <div class=\"link-text\">\n    <span\n      class=\"link-name\"\n      style=\"\"\n    ><\/span>\n    <span class=\"secondary\">Feuilles reproductibles<\/span>  <\/div>\n  <span class=\"right-border\" style=\"background:#f8ef45 \"><\/span>\n  \n<\/a>\n\n\n\n<p><\/p>\n<\/div>\n\n\n\n<div class=\"wp-block-column is-layout-flow wp-block-column-is-layout-flow\">\n<div class=\"wp-block-group\"><div class=\"wp-block-group__inner-container is-layout-flow wp-block-group-is-layout-flow\">\n<p class=\"has-text-color\" style=\"color:#f37507\"><strong>\u00c9valuation<\/strong><\/p>\n\n\n<div class=\"detailed-link\">\n    <div class=\"link-text\">\n        <a\n          href=\"\/nl-science\/wp-content\/uploads\/sites\/13\/NL-Gr3\/French\/ForcesInvisibles-TG\/61-liste-verification-resultats.pdf\"\n          target=\"_blank\"          >\n          &#8211; Liste de v\u00e9rification des r\u00e9sultats d\u2019apprentissage sp\u00e9cifiques        <\/a>\n            <\/div>\n    <span style=\"display: none;\"\n      class=\"variables-hidden icons-hide\"      >\n      document    <\/span>\n      <\/a>\n<\/div>\n\n\n<div class=\"detailed-link\">\n    <div class=\"link-text\">\n        <a\n          href=\"\/nl-science\/wp-content\/uploads\/sites\/13\/NL-Gr3\/French\/ForcesInvisibles-TG\/62-ma-demarche-denquete.pdf\"\n          target=\"_blank\"          >\n          &#8211; Ma d\u00e9marche d\u2019enqu\u00eate        <\/a>\n            <\/div>\n    <span style=\"display: none;\"\n      class=\"variables-hidden icons-hide\"      >\n      document    <\/span>\n      <\/a>\n<\/div>\n\n\n<div class=\"detailed-link\">\n    <div class=\"link-text\">\n        <a\n          href=\"\/nl-science\/wp-content\/uploads\/sites\/13\/NL-Gr3\/French\/ForcesInvisibles-TG\/63-auotevaluation-processus-enquete.pdf\"\n          target=\"_blank\"          >\n          &#8211; Auto\u00e9valuation du processus de l\u2019enqu\u00eate        <\/a>\n            <\/div>\n    <span style=\"display: none;\"\n      class=\"variables-hidden icons-hide\"      >\n      document    <\/span>\n      <\/a>\n<\/div>\n\n\n<div class=\"detailed-link\">\n    <div class=\"link-text\">\n        <a\n          href=\"\/nl-science\/wp-content\/uploads\/sites\/13\/NL-Gr3\/French\/ForcesInvisibles-TG\/64-evaluation-processus-enequete.pdf\"\n          target=\"_blank\"          >\n          &#8211; \u00c9valuation du processus de l\u2019enqu\u00eate        <\/a>\n            <\/div>\n    <span style=\"display: none;\"\n      class=\"variables-hidden icons-hide\"      >\n      document    <\/span>\n      <\/a>\n<\/div>\n\n\n<div class=\"detailed-link\">\n    <div class=\"link-text\">\n        <a\n          href=\"\/nl-science\/wp-content\/uploads\/sites\/13\/NL-Gr3\/French\/ForcesInvisibles-TG\/64-evaluation-processus-enequete.docx\"\n          target=\"_blank\"          >\n          &#8211; \u00c9valuation du processus de l\u2019enqu\u00eate\u2013modifiable        <\/a>\n            <\/div>\n    <span style=\"display: none;\"\n      class=\"variables-hidden icons-hide\"      >\n      document    <\/span>\n      <\/a>\n<\/div>\n\n\n<div class=\"detailed-link\">\n    <div class=\"link-text\">\n        <a\n          href=\"\/nl-science\/wp-content\/uploads\/sites\/13\/NL-Gr3\/French\/ForcesInvisibles-TG\/64-evaluation-processus-enequete.docx\"\n          target=\"_blank\"          >\n          &#8211; Rubrique d\u2019\u00e9valuation : le processus de l\u2019enqu\u00eate        <\/a>\n            <\/div>\n    <span style=\"display: none;\"\n      class=\"variables-hidden icons-hide\"      >\n      document    <\/span>\n      <\/a>\n<\/div>\n\n\n<div class=\"detailed-link\">\n    <div class=\"link-text\">\n        <a\n          href=\"\/nl-science\/wp-content\/uploads\/sites\/13\/NL-Gr3\/French\/ForcesInvisibles-TG\/65-rubrique-processus-enquete.docx\"\n          target=\"_blank\"          >\n          &#8211; Rubrique d\u2019\u00e9valuation : le processus de l\u2019enqu\u00eate\u2013modifiable        <\/a>\n            <\/div>\n    <span style=\"display: none;\"\n      class=\"variables-hidden icons-hide\"      >\n      document    <\/span>\n      <\/a>\n<\/div>\n\n\n<div class=\"detailed-link\">\n    <div class=\"link-text\">\n        <a\n          href=\"\/nl-science\/wp-content\/uploads\/sites\/13\/NL-Gr3\/French\/ForcesInvisibles-TG\/68-ma-demarche-conception.pdf\"\n          target=\"_blank\"          >\n          &#8211; Ma d\u00e9marche de conception        <\/a>\n            <\/div>\n    <span style=\"display: none;\"\n      class=\"variables-hidden icons-show\"      >\n      document    <\/span>\n      <\/a>\n<\/div>\n\n\n<div class=\"detailed-link\">\n    <div class=\"link-text\">\n        <a\n          href=\"\/nl-science\/wp-content\/uploads\/sites\/13\/NL-Gr3\/French\/ForcesInvisibles-TG\/69-autoevauation-processus-conception.pdf\"\n          target=\"_blank\"          >\n          &#8211; Auto\u00e9valuation du processus de la conception        <\/a>\n            <\/div>\n    <span style=\"display: none;\"\n      class=\"variables-hidden icons-show\"      >\n      document    <\/span>\n      <\/a>\n<\/div>\n\n\n<div class=\"detailed-link\">\n    <div class=\"link-text\">\n        <a\n          href=\"\/nl-science\/wp-content\/uploads\/sites\/13\/NL-Gr3\/French\/ForcesInvisibles-TG\/70-evaluation-processus-conception.pdf\"\n          target=\"_blank\"          >\n          &#8211; \u00c9valuation du processus de la conception        <\/a>\n            <\/div>\n    <span style=\"display: none;\"\n      class=\"variables-hidden icons-show\"      >\n      document    <\/span>\n      <\/a>\n<\/div>\n\n\n<div class=\"detailed-link\">\n    <div class=\"link-text\">\n        <a\n          href=\"\/nl-science\/wp-content\/uploads\/sites\/13\/NL-Gr3\/French\/ForcesInvisibles-TG\/70-evaluation-processus-conception.docx\"\n          target=\"_blank\"          >\n          &#8211; \u00c9valuation du processus de la conception\u2013modifiable        <\/a>\n            <\/div>\n    <span style=\"display: none;\"\n      class=\"variables-hidden icons-show\"      >\n      document    <\/span>\n      <\/a>\n<\/div>\n\n\n<div class=\"detailed-link\">\n    <div class=\"link-text\">\n        <a\n          href=\"\/nl-science\/wp-content\/uploads\/sites\/13\/NL-Gr3\/French\/ForcesInvisibles-TG\/71-rubrique-processus-conception.pdf\"\n          target=\"_blank\"          >\n          &#8211; Rubrique d\u2019\u00e9valuation : le processus de la conception        <\/a>\n            <\/div>\n    <span style=\"display: none;\"\n      class=\"variables-hidden icons-show\"      >\n      document    <\/span>\n      <\/a>\n<\/div>\n\n\n<div class=\"detailed-link\">\n    <div class=\"link-text\">\n        <a\n          href=\"\/nl-science\/wp-content\/uploads\/sites\/13\/NL-Gr3\/French\/ForcesInvisibles-TG\/71-rubrique-processus-conception.docx\"\n          target=\"_blank\"          >\n          &#8211; Rubrique d\u2019\u00e9valuation : le processus de la conception\u2013modifiable        <\/a>\n            <\/div>\n    <span style=\"display: none;\"\n      class=\"variables-hidden icons-show\"      >\n      document    <\/span>\n      <\/a>\n<\/div>\n\n\n\n<div style=\"height:25px\" aria-hidden=\"true\" class=\"wp-block-spacer\"><\/div>\n\n\n<div class=\"detailed-link\">\n    <div class=\"link-text\">\n        <a\n          href=\"\/nl-science\/wp-content\/uploads\/sites\/13\/NL-Gr3\/French\/ForcesInvisibles-TG\/73-ressources-suppl.pdf\"\n          target=\"_blank\"          >\n          Ressources suppl\u00e9mentaires        <\/a>\n            <\/div>\n    <span style=\"display: none;\"\n      class=\"variables-hidden icons-show\"      >\n      document    <\/span>\n      <\/a>\n<\/div>\n\n\n<div class=\"detailed-link\">\n    <div class=\"link-text\">\n        <a\n          href=\"\/nl-science\/wp-content\/uploads\/sites\/13\/NL-Gr3\/French\/ForcesInvisibles-TG\/75-chers-parents-tuteurs.pdf\"\n          target=\"_blank\"          >\n          Lettre aux parents et tuteurs        <\/a>\n            <\/div>\n    <span style=\"display: none;\"\n      class=\"variables-hidden icons-show\"      >\n      document    <\/span>\n      <\/a>\n<\/div>\n\n\n<div class=\"detailed-link\">\n    <div class=\"link-text\">\n        <a\n          href=\"\/nl-science\/wp-content\/uploads\/sites\/13\/NL-Gr3\/French\/ForcesInvisibles-TG\/76-dear-parents.pdf\"\n          target=\"_blank\"          >\n          Letter to Parents and Caregivers        <\/a>\n            <\/div>\n    <span style=\"display: none;\"\n      class=\"variables-hidden icons-show\"      >\n      document    <\/span>\n      <\/a>\n<\/div>\n\n\n\n<p><\/p>\n<\/div><\/div>\n<\/div>\n<\/div>\n","protected":false},"excerpt":{"rendered":"<p>Guide d&#8217;enseignement entier Plans d\u2019enseignement \u00c9valuation<\/p>\n","protected":false},"author":5,"featured_media":0,"parent":6519,"menu_order":1,"comment_status":"closed","ping_status":"closed","template":"","meta":{"protect_children":false,"footnotes":""},"class_list":["post-7092","page","type-page","status-publish","hentry"],"_links":{"self":[{"href":"https:\/\/www3.scholastic.ca\/nl-science\/wp-json\/wp\/v2\/pages\/7092","targetHints":{"allow":["GET"]}}],"collection":[{"href":"https:\/\/www3.scholastic.ca\/nl-science\/wp-json\/wp\/v2\/pages"}],"about":[{"href":"https:\/\/www3.scholastic.ca\/nl-science\/wp-json\/wp\/v2\/types\/page"}],"author":[{"embeddable":true,"href":"https:\/\/www3.scholastic.ca\/nl-science\/wp-json\/wp\/v2\/users\/5"}],"replies":[{"embeddable":true,"href":"https:\/\/www3.scholastic.ca\/nl-science\/wp-json\/wp\/v2\/comments?post=7092"}],"version-history":[{"count":0,"href":"https:\/\/www3.scholastic.ca\/nl-science\/wp-json\/wp\/v2\/pages\/7092\/revisions"}],"up":[{"embeddable":true,"href":"https:\/\/www3.scholastic.ca\/nl-science\/wp-json\/wp\/v2\/pages\/6519"}],"wp:attachment":[{"href":"https:\/\/www3.scholastic.ca\/nl-science\/wp-json\/wp\/v2\/media?parent=7092"}],"curies":[{"name":"wp","href":"https:\/\/api.w.org\/{rel}","templated":true}]}}