{"id":6863,"date":"2021-11-10T12:37:42","date_gmt":"2021-11-10T16:37:42","guid":{"rendered":"https:\/\/www3.scholastic.ca\/nl-science\/?page_id=6863"},"modified":"2021-11-15T11:56:57","modified_gmt":"2021-11-15T15:56:57","slug":"guide-denseignement","status":"publish","type":"page","link":"https:\/\/www3.scholastic.ca\/nl-science\/home\/bienvenue-dans-explorons-la-science-2e-annee\/la-position-relative-et-le-mouvement\/guide-denseignement\/","title":{"rendered":"Guide d&#8217;enseignement"},"content":{"rendered":"\n<div class=\"wp-block-columns is-layout-flex wp-container-core-columns-is-layout-9d6595d7 wp-block-columns-is-layout-flex\">\n<div class=\"wp-block-column is-layout-flow wp-block-column-is-layout-flow\" style=\"flex-basis:56%\"><div class=\"detailed-link\">\n    <div class=\"link-text\">\n        <a\n          href=\"javascript: return false;\"\n                    >\n          Remarque : Les pages peuvent \u00eatre t\u00e9l\u00e9charg\u00e9es.        <\/a>\n            <\/div>\n    <span style=\"display: none;\"\n      class=\"variables-hidden icons-show\"      >\n      document    <\/span>\n      <\/a>\n<\/div>\n<\/div>\n\n\n\n<div class=\"wp-block-column is-layout-flow wp-block-column-is-layout-flow\"><\/div>\n<\/div>\n\n\n\n<div class=\"wp-block-columns is-layout-flex wp-container-core-columns-is-layout-9d6595d7 wp-block-columns-is-layout-flex\">\n<div class=\"wp-block-column is-layout-flow wp-block-column-is-layout-flow\" style=\"flex-basis:50%\">\n<div class=\"wp-block-group\"><div class=\"wp-block-group__inner-container is-layout-flow wp-block-group-is-layout-flow\"><div class=\"detailed-link\">\n    <div class=\"link-text\">\n        <a\n          href=\"\/nl-science\/wp-content\/uploads\/sites\/13\/NL-Gr2\/French\/PositionMouvement-TG\/3-bienvenue-module3.pdf\"\n          target=\"_blank\"          >\n          &#8211; Bienvenue dans le module La position relative et le mouvement        <\/a>\n            <\/div>\n    <span style=\"display: none;\"\n      class=\"variables-hidden icons-hide\"      >\n      document    <\/span>\n      <\/a>\n<\/div>\n\n\n<div class=\"detailed-link\">\n    <div class=\"link-text\">\n        <a\n          href=\"\/nl-science\/wp-content\/uploads\/sites\/13\/NL-Gr2\/French\/PositionMouvement-TG\/6-guide-de-planification.pdf\"\n          target=\"_blank\"          >\n          &#8211; Guide de planification        <\/a>\n            <\/div>\n    <span style=\"display: none;\"\n      class=\"variables-hidden icons-hide\"      >\n      document    <\/span>\n      <\/a>\n<\/div>\n\n\n<div class=\"detailed-link\">\n    <div class=\"link-text\">\n        <a\n          href=\"\/nl-science\/wp-content\/uploads\/sites\/13\/NL-Gr2\/French\/PositionMouvement-TG\/8-preparation.pdf\"\n          target=\"_blank\"          >\n          &#8211; Pr\u00e9paration pour le module        <\/a>\n            <\/div>\n    <span style=\"display: none;\"\n      class=\"variables-hidden icons-hide\"      >\n      document    <\/span>\n      <\/a>\n<\/div>\n<\/div><\/div>\n<\/div>\n\n\n\n<div class=\"wp-block-column is-layout-flow wp-block-column-is-layout-flow\" style=\"flex-basis:20%\">\n<div class=\"wp-block-group\"><div class=\"wp-block-group__inner-container is-layout-flow wp-block-group-is-layout-flow\">\n<p class=\"has-text-color\" style=\"color:#f37507\"><strong>Guide d&#8217;enseignement entier <\/strong><\/p>\n\n\n<a\n  class=\"image-button\"\n  href=\"\/nl-science\/wp-content\/uploads\/sites\/13\/NL-Gr2\/French\/PositionMouvement-TG\/Mod-3-Lapositionrelative.pdf\"\n  title=\"La position relative et le mouvement couverture\"\n>\n\n  <div class=\"link-indicator\"><\/div>\n  <img decoding=\"async\" src=\"https:\/\/www3.scholastic.ca\/nl-science\/wp-content\/uploads\/sites\/13\/NL-TG-Covers\/French\/Gr2-laPosition-relative_TG_cvr.jpg\" alt=\"\"\/>\n\n<\/a>\n<\/div><\/div>\n\n\n\n<p><\/p>\n<\/div>\n<\/div>\n\n\n\n<div class=\"wp-block-columns is-layout-flex wp-container-core-columns-is-layout-9d6595d7 wp-block-columns-is-layout-flex\">\n<div class=\"wp-block-column is-layout-flow wp-block-column-is-layout-flow\">\n<p class=\"has-text-color\" style=\"color:#f37507\"><strong>Plans d\u2019enseignement<\/strong><\/p>\n\n\n<div class=\"detailed-link\">\n    <div class=\"link-text\">\n        <a\n          href=\"\/nl-science\/wp-content\/uploads\/sites\/13\/NL-Gr2\/French\/PositionMouvement-TG\/9-comment-les-objets.pdf\"\n          target=\"_blank\"          >\n          &#8211; Comment les objets et les \u00eatres humains bougent-ils?        <\/a>\n            <\/div>\n    <span style=\"display: none;\"\n      class=\"variables-hidden icons-hide\"      >\n      document    <\/span>\n      <\/a>\n<\/div>\n\n\n<div class=\"detailed-link\">\n    <div class=\"link-text\">\n        <a\n          href=\"\/nl-science\/wp-content\/uploads\/sites\/13\/NL-Gr2\/French\/PositionMouvement-TG\/14-comment-decrit-on-mouvement.pdf\"\n          target=\"_blank\"          >\n          &#8211; Comment d\u00e9crit-on le mouvement d\u2019un objet?        <\/a>\n            <\/div>\n    <span style=\"display: none;\"\n      class=\"variables-hidden icons-hide\"      >\n      document    <\/span>\n      <\/a>\n<\/div>\n\n\n<div class=\"detailed-link\">\n    <div class=\"link-text\">\n        <a\n          href=\"\/nl-science\/wp-content\/uploads\/sites\/13\/NL-Gr2\/French\/PositionMouvement-TG\/19-comment-decrit-on-position.pdf\"\n          target=\"_blank\"          >\n          &#8211; Comment d\u00e9crit-on la position d\u2019un objet?        <\/a>\n            <\/div>\n    <span style=\"display: none;\"\n      class=\"variables-hidden icons-hide\"      >\n      document    <\/span>\n      <\/a>\n<\/div>\n\n\n<div class=\"detailed-link\">\n    <div class=\"link-text\">\n        <a\n          href=\"\/nl-science\/wp-content\/uploads\/sites\/13\/NL-Gr2\/French\/PositionMouvement-TG\/26-comment-decrit-on-perspectives.pdf\"\n          target=\"_blank\"          >\n          &#8211; Comment d\u00e9crit-on la position d\u2019un objet \u00e0 partir de diverses perspectives?        <\/a>\n            <\/div>\n    <span style=\"display: none;\"\n      class=\"variables-hidden icons-hide\"      >\n      document    <\/span>\n      <\/a>\n<\/div>\n\n\n<div class=\"detailed-link\">\n    <div class=\"link-text\">\n        <a\n          href=\"\/nl-science\/wp-content\/uploads\/sites\/13\/NL-Gr2\/French\/PositionMouvement-TG\/30-etudier-les-regularities.pdf\"\n          target=\"_blank\"          >\n          &#8211; \u00c9tudier les r\u00e9gularit\u00e9s du mouvement        <\/a>\n            <\/div>\n    <span style=\"display: none;\"\n      class=\"variables-hidden icons-hide\"      >\n      document    <\/span>\n      <\/a>\n<\/div>\n\n\n<div class=\"detailed-link\">\n    <div class=\"link-text\">\n        <a\n          href=\"\/nl-science\/wp-content\/uploads\/sites\/13\/NL-Gr2\/French\/PositionMouvement-TG\/37-quels-facteurs-agissent.pdf\"\n          target=\"_blank\"          >\n          &#8211; Quels facteurs agissent sur le mouvement?        <\/a>\n            <\/div>\n    <span style=\"display: none;\"\n      class=\"variables-hidden icons-hide\"      >\n      document    <\/span>\n      <\/a>\n<\/div>\n\n\n<div class=\"detailed-link\">\n    <div class=\"link-text\">\n        <a\n          href=\"\/nl-science\/wp-content\/uploads\/sites\/13\/NL-Gr2\/French\/PositionMouvement-TG\/44-defi-de-conception.pdf\"\n          target=\"_blank\"          >\n          &#8211; D\u00e9fi de conception : Fabriquer des montagnes russes        <\/a>\n            <\/div>\n    <span style=\"display: none;\"\n      class=\"variables-hidden icons-hide\"      >\n      document    <\/span>\n      <\/a>\n<\/div>\n\n\n\n<div style=\"height:280px\" aria-hidden=\"true\" class=\"wp-block-spacer\"><\/div>\n\n\n<a\n  class=\"ed-button small sec-text link-ind\"\n  href=\"\/nl-science\/home\/bienvenue-dans-explorons-la-science-2e-annee\/la-position-relative-et-le-mouvement\/guide-denseignement\/feuilles-reproductibles-fr\/\"\n    style=\"border-bottom: 2px solid #f8ef45\"\n>\n\n  <div class=\"link-text\">\n    <span\n      class=\"link-name\"\n      style=\"\"\n    ><\/span>\n    <span class=\"secondary\">Feuilles reproductibles<\/span>  <\/div>\n  <span class=\"right-border\" style=\"background:#f8ef45 \"><\/span>\n  \n<\/a>\n\n\n\n<p><\/p>\n<\/div>\n\n\n\n<div class=\"wp-block-column is-layout-flow wp-block-column-is-layout-flow\">\n<div class=\"wp-block-group\"><div class=\"wp-block-group__inner-container is-layout-flow wp-block-group-is-layout-flow\">\n<p class=\"has-text-color\" style=\"color:#f37507\"><strong>\u00c9valuation<\/strong><\/p>\n\n\n<div class=\"detailed-link\">\n    <div class=\"link-text\">\n        <a\n          href=\"\/nl-science\/wp-content\/uploads\/sites\/13\/NL-Gr2\/French\/PositionMouvement-TG\/49-liste-de-verification.pdf\"\n          target=\"_blank\"          >\n          &#8211; Liste de v\u00e9rification des r\u00e9sultats d\u2019apprentissage sp\u00e9cifiques        <\/a>\n            <\/div>\n    <span style=\"display: none;\"\n      class=\"variables-hidden icons-hide\"      >\n      document    <\/span>\n      <\/a>\n<\/div>\n\n\n<div class=\"detailed-link\">\n    <div class=\"link-text\">\n        <a\n          href=\"\/nl-science\/wp-content\/uploads\/sites\/13\/NL-Gr2\/French\/PositionMouvement-TG\/50-ma-demarche-denquete.pdf\"\n          target=\"_blank\"          >\n          &#8211; Ma d\u00e9marche d\u2019enqu\u00eate        <\/a>\n            <\/div>\n    <span style=\"display: none;\"\n      class=\"variables-hidden icons-hide\"      >\n      document    <\/span>\n      <\/a>\n<\/div>\n\n\n<div class=\"detailed-link\">\n    <div class=\"link-text\">\n        <a\n          href=\"\/nl-science\/wp-content\/uploads\/sites\/13\/NL-Gr2\/French\/PositionMouvement-TG\/51-autoevaluation-du-process-enquete.pdf\"\n          target=\"_blank\"          >\n          &#8211; Auto\u00e9valuation du processus de l\u2019enqu\u00eate        <\/a>\n            <\/div>\n    <span style=\"display: none;\"\n      class=\"variables-hidden icons-hide\"      >\n      document    <\/span>\n      <\/a>\n<\/div>\n\n\n<div class=\"detailed-link\">\n    <div class=\"link-text\">\n        <a\n          href=\"\/nl-science\/wp-content\/uploads\/sites\/13\/NL-Gr2\/French\/PositionMouvement-TG\/52-evaluation-process-enquete.pdf\"\n          target=\"_blank\"          >\n          &#8211; \u00c9valuation du processus de l\u2019enqu\u00eate        <\/a>\n            <\/div>\n    <span style=\"display: none;\"\n      class=\"variables-hidden icons-hide\"      >\n      document    <\/span>\n      <\/a>\n<\/div>\n\n\n<div class=\"detailed-link\">\n    <div class=\"link-text\">\n        <a\n          href=\"\/nl-science\/wp-content\/uploads\/sites\/13\/NL-Gr2\/French\/PositionMouvement-TG\/52-evaluation-process-enquete.docx\"\n          target=\"_blank\"          >\n          &#8211; \u00c9valuation du processus de l\u2019enqu\u00eate\u2013modifiable        <\/a>\n            <\/div>\n    <span style=\"display: none;\"\n      class=\"variables-hidden icons-hide\"      >\n      document    <\/span>\n      <\/a>\n<\/div>\n\n\n<div class=\"detailed-link\">\n    <div class=\"link-text\">\n        <a\n          href=\"\/nl-science\/wp-content\/uploads\/sites\/13\/NL-Gr2\/French\/PositionMouvement-TG\/53-rubriuque-enquete.pdf\"\n          target=\"_blank\"          >\n          &#8211; Rubrique d\u2019\u00e9valuation : le processus de l\u2019enqu\u00eate        <\/a>\n            <\/div>\n    <span style=\"display: none;\"\n      class=\"variables-hidden icons-hide\"      >\n      document    <\/span>\n      <\/a>\n<\/div>\n\n\n<div class=\"detailed-link\">\n    <div class=\"link-text\">\n        <a\n          href=\"\/nl-science\/wp-content\/uploads\/sites\/13\/NL-Gr2\/French\/PositionMouvement-TG\/53-rubriuque-enquete.docx\"\n          target=\"_blank\"          >\n          &#8211; Rubrique d\u2019\u00e9valuation : le processus de l\u2019enqu\u00eate\u2013modifiable        <\/a>\n            <\/div>\n    <span style=\"display: none;\"\n      class=\"variables-hidden icons-hide\"      >\n      document    <\/span>\n      <\/a>\n<\/div>\n\n\n<div class=\"detailed-link\">\n    <div class=\"link-text\">\n        <a\n          href=\"\/nl-science\/wp-content\/uploads\/sites\/13\/NL-Gr2\/French\/PositionMouvement-TG\/55-ma-demarche-conception.pdf\"\n          target=\"_blank\"          >\n          &#8211; Ma d\u00e9marche de conception        <\/a>\n            <\/div>\n    <span style=\"display: none;\"\n      class=\"variables-hidden icons-show\"      >\n      document    <\/span>\n      <\/a>\n<\/div>\n\n\n<div class=\"detailed-link\">\n    <div class=\"link-text\">\n        <a\n          href=\"\/nl-science\/wp-content\/uploads\/sites\/13\/NL-Gr2\/French\/PositionMouvement-TG\/56-autoevaluation-la-conception.pdf\"\n          target=\"_blank\"          >\n          &#8211; Auto\u00e9valuation du processus de la conception        <\/a>\n            <\/div>\n    <span style=\"display: none;\"\n      class=\"variables-hidden icons-show\"      >\n      document    <\/span>\n      <\/a>\n<\/div>\n\n\n<div class=\"detailed-link\">\n    <div class=\"link-text\">\n        <a\n          href=\"\/nl-science\/wp-content\/uploads\/sites\/13\/NL-Gr2\/French\/PositionMouvement-TG\/57-evaluation-la-conception.docx\"\n          target=\"_blank\"          >\n          &#8211; \u00c9valuation du processus de la conception        <\/a>\n            <\/div>\n    <span style=\"display: none;\"\n      class=\"variables-hidden icons-show\"      >\n      document    <\/span>\n      <\/a>\n<\/div>\n\n\n<div class=\"detailed-link\">\n    <div class=\"link-text\">\n        <a\n          href=\"\/nl-science\/wp-content\/uploads\/sites\/13\/NL-Gr2\/French\/PositionMouvement-TG\/58-rubrique-la-conception.pdf\"\n          target=\"_blank\"          >\n          &#8211; Rubrique d\u2019\u00e9valuation : le processus de la conception        <\/a>\n            <\/div>\n    <span style=\"display: none;\"\n      class=\"variables-hidden icons-show\"      >\n      document    <\/span>\n      <\/a>\n<\/div>\n\n\n<div class=\"detailed-link\">\n    <div class=\"link-text\">\n        <a\n          href=\"\/nl-science\/wp-content\/uploads\/sites\/13\/NL-Gr2\/French\/PositionMouvement-TG\/58-rubrique-la-conception.docx\"\n          target=\"_blank\"          >\n          &#8211; Rubrique d\u2019\u00e9valuation : le processus de la conception\u2013modifiable        <\/a>\n            <\/div>\n    <span style=\"display: none;\"\n      class=\"variables-hidden icons-show\"      >\n      document    <\/span>\n      <\/a>\n<\/div>\n\n\n\n<div style=\"height:25px\" aria-hidden=\"true\" class=\"wp-block-spacer\"><\/div>\n\n\n<div class=\"detailed-link\">\n    <div class=\"link-text\">\n        <a\n          href=\"\/nl-science\/wp-content\/uploads\/sites\/13\/NL-Gr2\/French\/PositionMouvement-TG\/60-ressources-supplementaires.pdf\"\n          target=\"_blank\"          >\n          Ressources suppl\u00e9mentaires        <\/a>\n            <\/div>\n    <span style=\"display: none;\"\n      class=\"variables-hidden icons-show\"      >\n      document    <\/span>\n      <\/a>\n<\/div>\n\n\n<div class=\"detailed-link\">\n    <div class=\"link-text\">\n        <a\n          href=\"\/nl-science\/wp-content\/uploads\/sites\/13\/NL-Gr2\/French\/PositionMouvement-TG\/62-chers-lettre.pdf\"\n          target=\"_blank\"          >\n          Lettre aux parents et tuteurs        <\/a>\n            <\/div>\n    <span style=\"display: none;\"\n      class=\"variables-hidden icons-show\"      >\n      document    <\/span>\n      <\/a>\n<\/div>\n\n\n<div class=\"detailed-link\">\n    <div class=\"link-text\">\n        <a\n          href=\"\/nl-science\/wp-content\/uploads\/sites\/13\/NL-Gr2\/French\/PositionMouvement-TG\/63-letter.pdf\"\n          target=\"_blank\"          >\n          Letter to Parents and Caregivers        <\/a>\n            <\/div>\n    <span style=\"display: none;\"\n      class=\"variables-hidden icons-show\"      >\n      document    <\/span>\n      <\/a>\n<\/div>\n\n\n\n<p><\/p>\n<\/div><\/div>\n<\/div>\n<\/div>\n","protected":false},"excerpt":{"rendered":"<p>Guide d&#8217;enseignement entier Plans d\u2019enseignement \u00c9valuation<\/p>\n","protected":false},"author":5,"featured_media":0,"parent":6506,"menu_order":1,"comment_status":"closed","ping_status":"closed","template":"","meta":{"protect_children":false,"footnotes":""},"class_list":["post-6863","page","type-page","status-publish","hentry"],"_links":{"self":[{"href":"https:\/\/www3.scholastic.ca\/nl-science\/wp-json\/wp\/v2\/pages\/6863","targetHints":{"allow":["GET"]}}],"collection":[{"href":"https:\/\/www3.scholastic.ca\/nl-science\/wp-json\/wp\/v2\/pages"}],"about":[{"href":"https:\/\/www3.scholastic.ca\/nl-science\/wp-json\/wp\/v2\/types\/page"}],"author":[{"embeddable":true,"href":"https:\/\/www3.scholastic.ca\/nl-science\/wp-json\/wp\/v2\/users\/5"}],"replies":[{"embeddable":true,"href":"https:\/\/www3.scholastic.ca\/nl-science\/wp-json\/wp\/v2\/comments?post=6863"}],"version-history":[{"count":0,"href":"https:\/\/www3.scholastic.ca\/nl-science\/wp-json\/wp\/v2\/pages\/6863\/revisions"}],"up":[{"embeddable":true,"href":"https:\/\/www3.scholastic.ca\/nl-science\/wp-json\/wp\/v2\/pages\/6506"}],"wp:attachment":[{"href":"https:\/\/www3.scholastic.ca\/nl-science\/wp-json\/wp\/v2\/media?parent=6863"}],"curies":[{"name":"wp","href":"https:\/\/api.w.org\/{rel}","templated":true}]}}