{"id":6817,"date":"2021-11-10T10:46:42","date_gmt":"2021-11-10T14:46:42","guid":{"rendered":"https:\/\/www3.scholastic.ca\/nl-science\/?page_id=6817"},"modified":"2021-11-11T11:56:07","modified_gmt":"2021-11-11T15:56:07","slug":"fiches-de-sciences","status":"publish","type":"page","link":"https:\/\/www3.scholastic.ca\/nl-science\/home\/bienvenue-dans-explorons-la-science-2e-annee\/lair-et-leau-dans-lenvironnement\/fiches-de-sciences\/","title":{"rendered":"Fiches de sciences"},"content":{"rendered":"\n<div class=\"wp-block-columns is-layout-flex wp-container-core-columns-is-layout-9d6595d7 wp-block-columns-is-layout-flex\">\n<div class=\"wp-block-column is-layout-flow wp-block-column-is-layout-flow\" style=\"flex-basis:50%\">\n<div class=\"wp-block-group link-list\"><div class=\"wp-block-group__inner-container is-layout-flow wp-block-group-is-layout-flow\"><div class=\"detailed-link\">\n    <div class=\"link-text\">\n        <a\n          href=\"\/nl-science\/wp-content\/uploads\/sites\/13\/NL-Gr2\/French\/L\u2019airL\u2019eau-Cards\/Laire-et-leau-card-1.jpg\"\n          target=\"_blank\"          >\n          1. O\u00f9 peut-on trouver de l\u2019air et de l\u2019eau?        <\/a>\n            <\/div>\n    <span style=\"display: none;\"\n      class=\"variables-hidden icons-hide\"      >\n      document    <\/span>\n      <\/a>\n<\/div>\n\n\n<div class=\"detailed-link\">\n    <div class=\"link-text\">\n        <a\n          href=\"\/nl-science\/wp-content\/uploads\/sites\/13\/NL-Gr2\/French\/L\u2019airL\u2019eau-Cards\/Laire-et-leau-card-2.jpg\"\n          target=\"_blank\"          >\n          2. Dans quelles images vois-tu de l\u2019eau?        <\/a>\n            <\/div>\n    <span style=\"display: none;\"\n      class=\"variables-hidden icons-hide\"      >\n      document    <\/span>\n      <\/a>\n<\/div>\n\n\n<div class=\"detailed-link\">\n    <div class=\"link-text\">\n        <a\n          href=\"\/nl-science\/wp-content\/uploads\/sites\/13\/NL-Gr2\/French\/L\u2019airL\u2019eau-Cards\/Laire-et-leau-card-3.jpg\"\n          target=\"_blank\"          >\n          3. O\u00f9 vois-tu de l\u2019eau?        <\/a>\n            <\/div>\n    <span style=\"display: none;\"\n      class=\"variables-hidden icons-hide\"      >\n      document    <\/span>\n      <\/a>\n<\/div>\n\n\n<div class=\"detailed-link\">\n    <div class=\"link-text\">\n        <a\n          href=\"\/nl-science\/wp-content\/uploads\/sites\/13\/NL-Gr2\/French\/L\u2019airL\u2019eau-Cards\/Laire-et-leau-card-4.jpg\"\n          target=\"_blank\"          >\n          4. Dans ces images, o\u00f9 y a-t-il de l\u2019humidit\u00e9?        <\/a>\n            <\/div>\n    <span style=\"display: none;\"\n      class=\"variables-hidden icons-hide\"      >\n      document    <\/span>\n      <\/a>\n<\/div>\n\n\n<div class=\"detailed-link\">\n    <div class=\"link-text\">\n        <a\n          href=\"\/nl-science\/wp-content\/uploads\/sites\/13\/NL-Gr2\/French\/L\u2019airL\u2019eau-Cards\/Laire-et-leau-card-5.jpg\"\n          target=\"_blank\"          >\n          5. Que se passe-t-il quand quelque chose devient sec?        <\/a>\n            <\/div>\n    <span style=\"display: none;\"\n      class=\"variables-hidden icons-hide\"      >\n      document    <\/span>\n      <\/a>\n<\/div>\n\n\n<div class=\"detailed-link\">\n    <div class=\"link-text\">\n        <a\n          href=\"\/nl-science\/wp-content\/uploads\/sites\/13\/NL-Gr2\/French\/L\u2019airL\u2019eau-Cards\/Laire-et-leau-card-6.jpg\"\n          target=\"_blank\"          >\n          6. Quels aliments sont frais? Quels aliments sont secs?        <\/a>\n            <\/div>\n    <span style=\"display: none;\"\n      class=\"variables-hidden icons-hide\"      >\n      document    <\/span>\n      <\/a>\n<\/div>\n\n\n<div class=\"detailed-link\">\n    <div class=\"link-text\">\n        <a\n          href=\"\/nl-science\/wp-content\/uploads\/sites\/13\/NL-Gr2\/French\/L\u2019airL\u2019eau-Cards\/Laire-et-leau-card-7.jpg\"\n          target=\"_blank\"          >\n          7. Peut-on sentir l\u2019air?        <\/a>\n            <\/div>\n    <span style=\"display: none;\"\n      class=\"variables-hidden icons-show\"      >\n      document    <\/span>\n      <\/a>\n<\/div>\n\n\n<div class=\"detailed-link\">\n    <div class=\"link-text\">\n        <a\n          href=\"\/nl-science\/wp-content\/uploads\/sites\/13\/NL-Gr2\/French\/L\u2019airL\u2019eau-Cards\/Laire-et-leau-card-8.jpg\"\n          target=\"_blank\"          >\n          8. Quels v\u00eatements conviennent \u00e0 quelles conditions m\u00e9t\u00e9o?        <\/a>\n            <\/div>\n    <span style=\"display: none;\"\n      class=\"variables-hidden icons-show\"      >\n      document    <\/span>\n      <\/a>\n<\/div>\n\n\n<div class=\"detailed-link\">\n    <div class=\"link-text\">\n        <a\n          href=\"\/nl-science\/wp-content\/uploads\/sites\/13\/NL-Gr2\/French\/L\u2019airL\u2019eau-Cards\/Laire-et-leau-card-9.jpg\"\n          target=\"_blank\"          >\n          9. Quels sont les effets des conditions m\u00e9t\u00e9o sur les objets?        <\/a>\n            <\/div>\n    <span style=\"display: none;\"\n      class=\"variables-hidden icons-show\"      >\n      document    <\/span>\n      <\/a>\n<\/div>\n\n\n<div class=\"detailed-link\">\n    <div class=\"link-text\">\n        <a\n          href=\"\/nl-science\/wp-content\/uploads\/sites\/13\/NL-Gr2\/French\/L\u2019airL\u2019eau-Cards\/Laire-et-leau-card-10.jpg\"\n          target=\"_blank\"          >\n          10. O\u00f9 utilisons-nous de l\u2019eau?        <\/a>\n            <\/div>\n    <span style=\"display: none;\"\n      class=\"variables-hidden icons-show\"      >\n      document    <\/span>\n      <\/a>\n<\/div>\n\n\n<div class=\"detailed-link\">\n    <div class=\"link-text\">\n        <a\n          href=\"\/nl-science\/wp-content\/uploads\/sites\/13\/NL-Gr2\/French\/L\u2019airL\u2019eau-Cards\/Laire-et-leau-card-11.jpg\"\n          target=\"_blank\"          >\n          11. Qu\u2019est-ce que la pollution?        <\/a>\n            <\/div>\n    <span style=\"display: none;\"\n      class=\"variables-hidden icons-show\"      >\n      document    <\/span>\n      <\/a>\n<\/div>\n\n\n<div class=\"detailed-link\">\n    <div class=\"link-text\">\n        <a\n          href=\"\/nl-science\/wp-content\/uploads\/sites\/13\/NL-Gr2\/French\/L\u2019airL\u2019eau-Cards\/Laire-et-leau-card-12.jpg\"\n          target=\"_blank\"          >\n          12. Comment peut-on garder l\u2019air et l\u2019eau propres?        <\/a>\n            <\/div>\n    <span style=\"display: none;\"\n      class=\"variables-hidden icons-show\"      >\n      document    <\/span>\n      <\/a>\n<\/div>\n\n\n\n<p><\/p>\n<\/div><\/div>\n<\/div>\n\n\n\n<div class=\"wp-block-column is-layout-flow wp-block-column-is-layout-flow\" style=\"flex-basis:50%\"><\/div>\n<\/div>\n","protected":false},"excerpt":{"rendered":"","protected":false},"author":5,"featured_media":0,"parent":6490,"menu_order":2,"comment_status":"closed","ping_status":"closed","template":"","meta":{"protect_children":false,"footnotes":""},"class_list":["post-6817","page","type-page","status-publish","hentry"],"_links":{"self":[{"href":"https:\/\/www3.scholastic.ca\/nl-science\/wp-json\/wp\/v2\/pages\/6817","targetHints":{"allow":["GET"]}}],"collection":[{"href":"https:\/\/www3.scholastic.ca\/nl-science\/wp-json\/wp\/v2\/pages"}],"about":[{"href":"https:\/\/www3.scholastic.ca\/nl-science\/wp-json\/wp\/v2\/types\/page"}],"author":[{"embeddable":true,"href":"https:\/\/www3.scholastic.ca\/nl-science\/wp-json\/wp\/v2\/users\/5"}],"replies":[{"embeddable":true,"href":"https:\/\/www3.scholastic.ca\/nl-science\/wp-json\/wp\/v2\/comments?post=6817"}],"version-history":[{"count":0,"href":"https:\/\/www3.scholastic.ca\/nl-science\/wp-json\/wp\/v2\/pages\/6817\/revisions"}],"up":[{"embeddable":true,"href":"https:\/\/www3.scholastic.ca\/nl-science\/wp-json\/wp\/v2\/pages\/6490"}],"wp:attachment":[{"href":"https:\/\/www3.scholastic.ca\/nl-science\/wp-json\/wp\/v2\/media?parent=6817"}],"curies":[{"name":"wp","href":"https:\/\/api.w.org\/{rel}","templated":true}]}}