{"id":6798,"date":"2021-11-10T10:30:58","date_gmt":"2021-11-10T14:30:58","guid":{"rendered":"https:\/\/www3.scholastic.ca\/nl-science\/?page_id=6798"},"modified":"2021-11-15T11:56:43","modified_gmt":"2021-11-15T15:56:43","slug":"guide-denseignement","status":"publish","type":"page","link":"https:\/\/www3.scholastic.ca\/nl-science\/home\/bienvenue-dans-explorons-la-science-2e-annee\/les-liquides-et-les-solides\/guide-denseignement\/","title":{"rendered":"Guide d&#8217;enseignement"},"content":{"rendered":"\n<div class=\"wp-block-columns is-layout-flex wp-container-core-columns-is-layout-9d6595d7 wp-block-columns-is-layout-flex\">\n<div class=\"wp-block-column is-layout-flow wp-block-column-is-layout-flow\" style=\"flex-basis:56%\"><div class=\"detailed-link\">\n    <div class=\"link-text\">\n        <a\n          href=\"javascript: return false;\"\n                    >\n          Remarque : Les pages peuvent \u00eatre t\u00e9l\u00e9charg\u00e9es.        <\/a>\n            <\/div>\n    <span style=\"display: none;\"\n      class=\"variables-hidden icons-show\"      >\n      document    <\/span>\n      <\/a>\n<\/div>\n<\/div>\n\n\n\n<div class=\"wp-block-column is-layout-flow wp-block-column-is-layout-flow\"><\/div>\n<\/div>\n\n\n\n<div class=\"wp-block-columns is-layout-flex wp-container-core-columns-is-layout-9d6595d7 wp-block-columns-is-layout-flex\">\n<div class=\"wp-block-column is-layout-flow wp-block-column-is-layout-flow\" style=\"flex-basis:50%\">\n<div class=\"wp-block-group\"><div class=\"wp-block-group__inner-container is-layout-flow wp-block-group-is-layout-flow\"><div class=\"detailed-link\">\n    <div class=\"link-text\">\n        <a\n          href=\"\/nl-science\/wp-content\/uploads\/sites\/13\/NL-Gr2\/French\/LiquidesSolides-TG\/3-Bienvenue.pdf\"\n          target=\"_blank\"          >\n          &#8211; Bienvenue dans le module Les liquides et les solides        <\/a>\n            <\/div>\n    <span style=\"display: none;\"\n      class=\"variables-hidden icons-hide\"      >\n      document    <\/span>\n      <\/a>\n<\/div>\n\n\n<div class=\"detailed-link\">\n    <div class=\"link-text\">\n        <a\n          href=\"\/nl-science\/wp-content\/uploads\/sites\/13\/NL-Gr2\/French\/LiquidesSolides-TG\/6-Guide-de-planification.pdf\"\n          target=\"_blank\"          >\n          &#8211; Guide de planification        <\/a>\n            <\/div>\n    <span style=\"display: none;\"\n      class=\"variables-hidden icons-hide\"      >\n      document    <\/span>\n      <\/a>\n<\/div>\n\n\n<div class=\"detailed-link\">\n    <div class=\"link-text\">\n        <a\n          href=\"\/nl-science\/wp-content\/uploads\/sites\/13\/NL-Gr2\/French\/LiquidesSolides-TG\/12-Preparation-module.pdf\"\n          target=\"_blank\"          >\n          &#8211; Pr\u00e9paration pour le module        <\/a>\n            <\/div>\n    <span style=\"display: none;\"\n      class=\"variables-hidden icons-hide\"      >\n      document    <\/span>\n      <\/a>\n<\/div>\n<\/div><\/div>\n<\/div>\n\n\n\n<div class=\"wp-block-column is-layout-flow wp-block-column-is-layout-flow\" style=\"flex-basis:20%\">\n<div class=\"wp-block-group\"><div class=\"wp-block-group__inner-container is-layout-flow wp-block-group-is-layout-flow\">\n<p class=\"has-text-color\" style=\"color:#f37507\"><strong>Guide d&#8217;enseignement entier <\/strong><\/p>\n\n\n<a\n  class=\"image-button\"\n  href=\"\/nl-science\/wp-content\/uploads\/sites\/13\/NL-Gr2\/French\/LiquidesSolides-TG\/Les-liquides-solides-guide.pdf\"\n  title=\"Les liquides et les solides couverture\"\n>\n\n  <div class=\"link-indicator\"><\/div>\n  <img decoding=\"async\" src=\"https:\/\/www3.scholastic.ca\/nl-science\/wp-content\/uploads\/sites\/13\/NL-TG-Covers\/French\/Gr2-LiquideSolides_TG_cvr.jpg\" alt=\"\"\/>\n\n<\/a>\n<\/div><\/div>\n\n\n\n<p><\/p>\n<\/div>\n<\/div>\n\n\n\n<div class=\"wp-block-columns is-layout-flex wp-container-core-columns-is-layout-9d6595d7 wp-block-columns-is-layout-flex\">\n<div class=\"wp-block-column is-layout-flow wp-block-column-is-layout-flow\">\n<p class=\"has-text-color\" style=\"color:#f37507\"><strong>Plans d\u2019enseignement<\/strong><\/p>\n\n\n<div class=\"detailed-link\">\n    <div class=\"link-text\">\n        <a\n          href=\"\/nl-science\/wp-content\/uploads\/sites\/13\/NL-Gr2\/French\/LiquidesSolides-TG\/13-quest-ce-qu-liquide-solide.pdf\"\n          target=\"_blank\"          >\n          &#8211; Qu\u2019est-ce qu\u2019un liquide? Qu\u2019est-ce qu\u2019un solide?        <\/a>\n            <\/div>\n    <span style=\"display: none;\"\n      class=\"variables-hidden icons-hide\"      >\n      document    <\/span>\n      <\/a>\n<\/div>\n\n\n<div class=\"detailed-link\">\n    <div class=\"link-text\">\n        <a\n          href=\"\/nl-science\/wp-content\/uploads\/sites\/13\/NL-Gr2\/French\/LiquidesSolides-TG\/18-commentpeut-on-solides.pdf\"\n          target=\"_blank\"          >\n          &#8211; Comment peut-on d\u00e9crire des solides?        <\/a>\n            <\/div>\n    <span style=\"display: none;\"\n      class=\"variables-hidden icons-hide\"      >\n      document    <\/span>\n      <\/a>\n<\/div>\n\n\n<div class=\"detailed-link\">\n    <div class=\"link-text\">\n        <a\n          href=\"\/nl-science\/wp-content\/uploads\/sites\/13\/NL-Gr2\/French\/LiquidesSolides-TG\/24-commentpeut-on-liquides.pdf\"\n          target=\"_blank\"          >\n          &#8211; Comment peut-on d\u00e9crire des liquides?        <\/a>\n            <\/div>\n    <span style=\"display: none;\"\n      class=\"variables-hidden icons-hide\"      >\n      document    <\/span>\n      <\/a>\n<\/div>\n\n\n<div class=\"detailed-link\">\n    <div class=\"link-text\">\n        <a\n          href=\"\/nl-science\/wp-content\/uploads\/sites\/13\/NL-Gr2\/French\/LiquidesSolides-TG\/31-que-se-combine-liquide-solide.pdf\"\n          target=\"_blank\"          >\n          &#8211; Que se passe-t-il quand on combine des liquides et des solides?        <\/a>\n            <\/div>\n    <span style=\"display: none;\"\n      class=\"variables-hidden icons-hide\"      >\n      document    <\/span>\n      <\/a>\n<\/div>\n\n\n<div class=\"detailed-link\">\n    <div class=\"link-text\">\n        <a\n          href=\"\/nl-science\/wp-content\/uploads\/sites\/13\/NL-Gr2\/French\/LiquidesSolides-TG\/39-quels-changements-liquide-solide.pdf\"\n          target=\"_blank\"          >\n          &#8211; Quels changements subissent les liquides et les solides quand on les m\u00e9lange?        <\/a>\n            <\/div>\n    <span style=\"display: none;\"\n      class=\"variables-hidden icons-hide\"      >\n      document    <\/span>\n      <\/a>\n<\/div>\n\n\n<div class=\"detailed-link\">\n    <div class=\"link-text\">\n        <a\n          href=\"\/nl-science\/wp-content\/uploads\/sites\/13\/NL-Gr2\/French\/LiquidesSolides-TG\/44-comment-peut-on-melanger.pdf\"\n          target=\"_blank\"          >\n          &#8211; Comment peut-on m\u00e9langer des liquides et des solides pour faire des produits utiles?        <\/a>\n            <\/div>\n    <span style=\"display: none;\"\n      class=\"variables-hidden icons-hide\"      >\n      document    <\/span>\n      <\/a>\n<\/div>\n\n\n<div class=\"detailed-link\">\n    <div class=\"link-text\">\n        <a\n          href=\"\/nl-science\/wp-content\/uploads\/sites\/13\/NL-Gr2\/French\/LiquidesSolides-TG\/50-comment-peut-on-utiliser.pdf\"\n          target=\"_blank\"          >\n          &#8211; Comment peut-on utiliser des liquides et des solides pour garder le monde propre?        <\/a>\n            <\/div>\n    <span style=\"display: none;\"\n      class=\"variables-hidden icons-hide\"      >\n      document    <\/span>\n      <\/a>\n<\/div>\n\n\n<div class=\"detailed-link\">\n    <div class=\"link-text\">\n        <a\n          href=\"\/nl-science\/wp-content\/uploads\/sites\/13\/NL-Gr2\/French\/LiquidesSolides-TG\/55-quels-materiaux-flottent-coulent.pdf\"\n          target=\"_blank\"          >\n          &#8211; Quels mat\u00e9riaux flottent? Quels mat\u00e9riaux coulent?        <\/a>\n            <\/div>\n    <span style=\"display: none;\"\n      class=\"variables-hidden icons-show\"      >\n      document    <\/span>\n      <\/a>\n<\/div>\n\n\n<div class=\"detailed-link\">\n    <div class=\"link-text\">\n        <a\n          href=\"\/nl-science\/wp-content\/uploads\/sites\/13\/NL-Gr2\/French\/LiquidesSolides-TG\/60-defi-conception-bateau.pdf\"\n          target=\"_blank\"          >\n          &#8211; D\u00e9fi de conception : Construire un bateau        <\/a>\n            <\/div>\n    <span style=\"display: none;\"\n      class=\"variables-hidden icons-show\"      >\n      document    <\/span>\n      <\/a>\n<\/div>\n\n\n\n<div style=\"height:160px\" aria-hidden=\"true\" class=\"wp-block-spacer\"><\/div>\n\n\n<a\n  class=\"ed-button small sec-text link-ind\"\n  href=\"\/nl-science\/home\/bienvenue-dans-explorons-la-science-2e-annee\/les-liquides-et-les-solides\/guide-denseignement\/feuilles-reproductibles-fr\/\"\n    style=\"border-bottom: 2px solid #f8ef45\"\n>\n\n  <div class=\"link-text\">\n    <span\n      class=\"link-name\"\n      style=\"\"\n    ><\/span>\n    <span class=\"secondary\">Feuilles reproductibles<\/span>  <\/div>\n  <span class=\"right-border\" style=\"background:#f8ef45 \"><\/span>\n  \n<\/a>\n\n\n\n<p><\/p>\n<\/div>\n\n\n\n<div class=\"wp-block-column is-layout-flow wp-block-column-is-layout-flow\">\n<div class=\"wp-block-group\"><div class=\"wp-block-group__inner-container is-layout-flow wp-block-group-is-layout-flow\">\n<p class=\"has-text-color\" style=\"color:#f37507\"><strong>\u00c9valuation<\/strong><\/p>\n\n\n<div class=\"detailed-link\">\n    <div class=\"link-text\">\n        <a\n          href=\"\/nl-science\/wp-content\/uploads\/sites\/13\/NL-Gr2\/French\/LiquidesSolides-TG\/66-liste-verification-resultats.pdf\"\n          target=\"_blank\"          >\n          &#8211; Liste de v\u00e9rification des r\u00e9sultats d\u2019apprentissage sp\u00e9cifiques        <\/a>\n            <\/div>\n    <span style=\"display: none;\"\n      class=\"variables-hidden icons-hide\"      >\n      document    <\/span>\n      <\/a>\n<\/div>\n\n\n<div class=\"detailed-link\">\n    <div class=\"link-text\">\n        <a\n          href=\"\/nl-science\/wp-content\/uploads\/sites\/13\/NL-Gr2\/French\/LiquidesSolides-TG\/67-ma-demarche-enquete.pdf\"\n          target=\"_blank\"          >\n          &#8211; Ma d\u00e9marche d\u2019enqu\u00eate        <\/a>\n            <\/div>\n    <span style=\"display: none;\"\n      class=\"variables-hidden icons-hide\"      >\n      document    <\/span>\n      <\/a>\n<\/div>\n\n\n<div class=\"detailed-link\">\n    <div class=\"link-text\">\n        <a\n          href=\"\/nl-science\/wp-content\/uploads\/sites\/13\/NL-Gr2\/French\/LiquidesSolides-TG\/68-autoevaluation-process-enquet.pdf\"\n          target=\"_blank\"          >\n          &#8211; Auto\u00e9valuation du processus de l\u2019enqu\u00eate        <\/a>\n            <\/div>\n    <span style=\"display: none;\"\n      class=\"variables-hidden icons-hide\"      >\n      document    <\/span>\n      <\/a>\n<\/div>\n\n\n<div class=\"detailed-link\">\n    <div class=\"link-text\">\n        <a\n          href=\"\/nl-science\/wp-content\/uploads\/sites\/13\/NL-Gr2\/French\/LiquidesSolides-TG\/69-evaluation-processus-enquete.pdf\"\n          target=\"_blank\"          >\n          &#8211; \u00c9valuation du processus de l\u2019enqu\u00eate        <\/a>\n            <\/div>\n    <span style=\"display: none;\"\n      class=\"variables-hidden icons-hide\"      >\n      document    <\/span>\n      <\/a>\n<\/div>\n\n\n<div class=\"detailed-link\">\n    <div class=\"link-text\">\n        <a\n          href=\"\/nl-science\/wp-content\/uploads\/sites\/13\/NL-Gr2\/French\/LiquidesSolides-TG\/69-evaluation-processus-enquete.docx\"\n          target=\"_blank\"          >\n          &#8211; \u00c9valuation du processus de l\u2019enqu\u00eate\u2013modifiable        <\/a>\n            <\/div>\n    <span style=\"display: none;\"\n      class=\"variables-hidden icons-hide\"      >\n      document    <\/span>\n      <\/a>\n<\/div>\n\n\n<div class=\"detailed-link\">\n    <div class=\"link-text\">\n        <a\n          href=\"\/nl-science\/wp-content\/uploads\/sites\/13\/NL-Gr2\/French\/LiquidesSolides-TG\/70-rubrique-evaluation-enquete.pdf\"\n          target=\"_blank\"          >\n          &#8211; Rubrique d\u2019\u00e9valuation : le processus de l\u2019enqu\u00eate        <\/a>\n            <\/div>\n    <span style=\"display: none;\"\n      class=\"variables-hidden icons-hide\"      >\n      document    <\/span>\n      <\/a>\n<\/div>\n\n\n<div class=\"detailed-link\">\n    <div class=\"link-text\">\n        <a\n          href=\"\/nl-science\/wp-content\/uploads\/sites\/13\/NL-Gr2\/French\/LiquidesSolides-TG\/70-rubrique-evaluation-enquete.docx\"\n          target=\"_blank\"          >\n          &#8211; Rubrique d\u2019\u00e9valuation : le processus de l\u2019enqu\u00eate\u2013modifiable        <\/a>\n            <\/div>\n    <span style=\"display: none;\"\n      class=\"variables-hidden icons-hide\"      >\n      document    <\/span>\n      <\/a>\n<\/div>\n\n\n<div class=\"detailed-link\">\n    <div class=\"link-text\">\n        <a\n          href=\"\/nl-science\/wp-content\/uploads\/sites\/13\/NL-Gr2\/French\/LiquidesSolides-TG\/72-ma-demarache-conception.pdf\"\n          target=\"_blank\"          >\n          &#8211; Ma d\u00e9marche de conception        <\/a>\n            <\/div>\n    <span style=\"display: none;\"\n      class=\"variables-hidden icons-show\"      >\n      document    <\/span>\n      <\/a>\n<\/div>\n\n\n<div class=\"detailed-link\">\n    <div class=\"link-text\">\n        <a\n          href=\"\/nl-science\/wp-content\/uploads\/sites\/13\/NL-Gr2\/French\/LiquidesSolides-TG\/73-autoevaluation-processus-conception.pdf\"\n          target=\"_blank\"          >\n          &#8211; Auto\u00e9valuation du processus de la conception        <\/a>\n            <\/div>\n    <span style=\"display: none;\"\n      class=\"variables-hidden icons-show\"      >\n      document    <\/span>\n      <\/a>\n<\/div>\n\n\n<div class=\"detailed-link\">\n    <div class=\"link-text\">\n        <a\n          href=\"\/nl-science\/wp-content\/uploads\/sites\/13\/NL-Gr2\/French\/LiquidesSolides-TG\/74-evaluation-processus-conception.docx\"\n          target=\"_blank\"          >\n          &#8211; \u00c9valuation du processus de la conception        <\/a>\n            <\/div>\n    <span style=\"display: none;\"\n      class=\"variables-hidden icons-show\"      >\n      document    <\/span>\n      <\/a>\n<\/div>\n\n\n<div class=\"detailed-link\">\n    <div class=\"link-text\">\n        <a\n          href=\"\/nl-science\/wp-content\/uploads\/sites\/13\/NL-Gr2\/French\/LiquidesSolides-TG\/75-rubrique-evaluation-conception.pdf\"\n          target=\"_blank\"          >\n          &#8211; Rubrique d\u2019\u00e9valuation : le processus de la conception        <\/a>\n            <\/div>\n    <span style=\"display: none;\"\n      class=\"variables-hidden icons-show\"      >\n      document    <\/span>\n      <\/a>\n<\/div>\n\n\n<div class=\"detailed-link\">\n    <div class=\"link-text\">\n        <a\n          href=\"\/nl-science\/wp-content\/uploads\/sites\/13\/NL-Gr2\/French\/LiquidesSolides-TG\/75-rubrique-evaluation-conception.docx\"\n          target=\"_blank\"          >\n          &#8211; Rubrique d\u2019\u00e9valuation : le processus de la conception\u2013modifiable        <\/a>\n            <\/div>\n    <span style=\"display: none;\"\n      class=\"variables-hidden icons-show\"      >\n      document    <\/span>\n      <\/a>\n<\/div>\n\n\n\n<div style=\"height:25px\" aria-hidden=\"true\" class=\"wp-block-spacer\"><\/div>\n\n\n<div class=\"detailed-link\">\n    <div class=\"link-text\">\n        <a\n          href=\"\/nl-science\/wp-content\/uploads\/sites\/13\/NL-Gr2\/French\/LiquidesSolides-TG\/77-ressources-supplement.pdf\"\n          target=\"_blank\"          >\n          Ressources suppl\u00e9mentaires        <\/a>\n            <\/div>\n    <span style=\"display: none;\"\n      class=\"variables-hidden icons-show\"      >\n      document    <\/span>\n      <\/a>\n<\/div>\n\n\n<div class=\"detailed-link\">\n    <div class=\"link-text\">\n        <a\n          href=\"\/nl-science\/wp-content\/uploads\/sites\/13\/NL-Gr2\/French\/LiquidesSolides-TG\/79-chers-parents-tuteurs.pdf\"\n          target=\"_blank\"          >\n          Lettre aux parents et tuteurs        <\/a>\n            <\/div>\n    <span style=\"display: none;\"\n      class=\"variables-hidden icons-show\"      >\n      document    <\/span>\n      <\/a>\n<\/div>\n\n\n<div class=\"detailed-link\">\n    <div class=\"link-text\">\n        <a\n          href=\"\/nl-science\/wp-content\/uploads\/sites\/13\/NL-Gr2\/French\/LiquidesSolides-TG\/80-parent-caregiver-letter.pdf\"\n          target=\"_blank\"          >\n          Letter to Parents and Caregivers        <\/a>\n            <\/div>\n    <span style=\"display: none;\"\n      class=\"variables-hidden icons-show\"      >\n      document    <\/span>\n      <\/a>\n<\/div>\n\n\n\n<p><\/p>\n<\/div><\/div>\n<\/div>\n<\/div>\n","protected":false},"excerpt":{"rendered":"<p>Guide d&#8217;enseignement entier Plans d\u2019enseignement \u00c9valuation<\/p>\n","protected":false},"author":5,"featured_media":0,"parent":6504,"menu_order":1,"comment_status":"closed","ping_status":"closed","template":"","meta":{"protect_children":false,"footnotes":""},"class_list":["post-6798","page","type-page","status-publish","hentry"],"_links":{"self":[{"href":"https:\/\/www3.scholastic.ca\/nl-science\/wp-json\/wp\/v2\/pages\/6798","targetHints":{"allow":["GET"]}}],"collection":[{"href":"https:\/\/www3.scholastic.ca\/nl-science\/wp-json\/wp\/v2\/pages"}],"about":[{"href":"https:\/\/www3.scholastic.ca\/nl-science\/wp-json\/wp\/v2\/types\/page"}],"author":[{"embeddable":true,"href":"https:\/\/www3.scholastic.ca\/nl-science\/wp-json\/wp\/v2\/users\/5"}],"replies":[{"embeddable":true,"href":"https:\/\/www3.scholastic.ca\/nl-science\/wp-json\/wp\/v2\/comments?post=6798"}],"version-history":[{"count":0,"href":"https:\/\/www3.scholastic.ca\/nl-science\/wp-json\/wp\/v2\/pages\/6798\/revisions"}],"up":[{"embeddable":true,"href":"https:\/\/www3.scholastic.ca\/nl-science\/wp-json\/wp\/v2\/pages\/6504"}],"wp:attachment":[{"href":"https:\/\/www3.scholastic.ca\/nl-science\/wp-json\/wp\/v2\/media?parent=6798"}],"curies":[{"name":"wp","href":"https:\/\/api.w.org\/{rel}","templated":true}]}}