{"id":6771,"date":"2021-11-10T10:13:30","date_gmt":"2021-11-10T14:13:30","guid":{"rendered":"https:\/\/www3.scholastic.ca\/nl-science\/?page_id=6771"},"modified":"2021-11-15T11:56:15","modified_gmt":"2021-11-15T15:56:15","slug":"guide-denseignement","status":"publish","type":"page","link":"https:\/\/www3.scholastic.ca\/nl-science\/home\/bienvenue-dans-explorons-la-science-1re-annee\/les-besoins-et-les-caracteristiques-des-etres-vivants\/guide-denseignement\/","title":{"rendered":"Guide d&#8217;enseignement"},"content":{"rendered":"\n<div class=\"wp-block-columns is-layout-flex wp-container-core-columns-is-layout-9d6595d7 wp-block-columns-is-layout-flex\">\n<div class=\"wp-block-column is-layout-flow wp-block-column-is-layout-flow\" style=\"flex-basis:56%\"><div class=\"detailed-link\">\n    <div class=\"link-text\">\n        <a\n          href=\"javascript: return false;\"\n                    >\n          Remarque : Les pages peuvent \u00eatre t\u00e9l\u00e9charg\u00e9es.        <\/a>\n            <\/div>\n    <span style=\"display: none;\"\n      class=\"variables-hidden icons-show\"      >\n      document    <\/span>\n      <\/a>\n<\/div>\n<\/div>\n\n\n\n<div class=\"wp-block-column is-layout-flow wp-block-column-is-layout-flow\"><\/div>\n<\/div>\n\n\n\n<div class=\"wp-block-columns is-layout-flex wp-container-core-columns-is-layout-9d6595d7 wp-block-columns-is-layout-flex\">\n<div class=\"wp-block-column is-layout-flow wp-block-column-is-layout-flow\" style=\"flex-basis:50%\">\n<div class=\"wp-block-group\"><div class=\"wp-block-group__inner-container is-layout-flow wp-block-group-is-layout-flow\"><div class=\"detailed-link\">\n    <div class=\"link-text\">\n        <a\n          href=\"\/nl-science\/wp-content\/uploads\/sites\/13\/NL-Gr1\/French\/Caract\u00e9ristiquesVivants-TG\/3_Bienvenue-Les-besoins-caracteristiques.pdf\"\n          target=\"_blank\"          >\n          &#8211; Bienvenue dans le module Les besoins et les caract\u00e9ristiques des \u00eatres vivants        <\/a>\n            <\/div>\n    <span style=\"display: none;\"\n      class=\"variables-hidden icons-hide\"      >\n      document    <\/span>\n      <\/a>\n<\/div>\n\n\n<div class=\"detailed-link\">\n    <div class=\"link-text\">\n        <a\n          href=\"\/nl-science\/wp-content\/uploads\/sites\/13\/NL-Gr1\/French\/Caract\u00e9ristiquesVivants-TG\/6_guide-de-planification.pdf\"\n          target=\"_blank\"          >\n          &#8211; Guide de planification        <\/a>\n            <\/div>\n    <span style=\"display: none;\"\n      class=\"variables-hidden icons-hide\"      >\n      document    <\/span>\n      <\/a>\n<\/div>\n\n\n<div class=\"detailed-link\">\n    <div class=\"link-text\">\n        <a\n          href=\"\/nl-science\/wp-content\/uploads\/sites\/13\/NL-Gr1\/French\/Caract\u00e9ristiquesVivants-TG\/10_Preparation-pour-module.pdf\"\n          target=\"_blank\"          >\n          &#8211; Pr\u00e9paration pour le module        <\/a>\n            <\/div>\n    <span style=\"display: none;\"\n      class=\"variables-hidden icons-hide\"      >\n      document    <\/span>\n      <\/a>\n<\/div>\n<\/div><\/div>\n<\/div>\n\n\n\n<div class=\"wp-block-column is-layout-flow wp-block-column-is-layout-flow\" style=\"flex-basis:20%\">\n<div class=\"wp-block-group\"><div class=\"wp-block-group__inner-container is-layout-flow wp-block-group-is-layout-flow\">\n<p class=\"has-text-color\" style=\"color:#f37507\"><strong>Guide d&#8217;enseignement entier <\/strong><\/p>\n\n\n<a\n  class=\"image-button\"\n  href=\"\/nl-science\/wp-content\/uploads\/sites\/13\/NL-Gr1\/French\/Caract\u00e9ristiquesVivants-TG\/Les-besoins-et-les-caracteristiques-des-etres-vivants.pdf\"\n  title=\"Les besoins et les caract\u00e9ristiques des \u00eatres vivants couverture\"\n>\n\n  <div class=\"link-indicator\"><\/div>\n  <img decoding=\"async\" src=\"https:\/\/www3.scholastic.ca\/nl-science\/wp-content\/uploads\/sites\/13\/NL-TG-Covers\/French\/Gr1_lesBesoins-caracteristique-vivant_TG-cvr.jpg\" alt=\"\"\/>\n\n<\/a>\n<\/div><\/div>\n\n\n\n<p><\/p>\n<\/div>\n<\/div>\n\n\n\n<div class=\"wp-block-columns is-layout-flex wp-container-core-columns-is-layout-9d6595d7 wp-block-columns-is-layout-flex\">\n<div class=\"wp-block-column is-layout-flow wp-block-column-is-layout-flow\">\n<p class=\"has-text-color\" style=\"color:#f37507\"><strong>Plans d\u2019enseignement<\/strong><\/p>\n\n\n<div class=\"detailed-link\">\n    <div class=\"link-text\">\n        <a\n          href=\"\/nl-science\/wp-content\/uploads\/sites\/13\/NL-Gr1\/French\/Caract\u00e9ristiquesVivants-TG\/11_quest-ce-quun-etre-vivant.pdf\"\n          target=\"_blank\"          >\n          &#8211; Qu\u2019est-ce qu\u2019un \u00eatre vivant?        <\/a>\n            <\/div>\n    <span style=\"display: none;\"\n      class=\"variables-hidden icons-hide\"      >\n      document    <\/span>\n      <\/a>\n<\/div>\n\n\n<div class=\"detailed-link\">\n    <div class=\"link-text\">\n        <a\n          href=\"\/nl-science\/wp-content\/uploads\/sites\/13\/NL-Gr1\/French\/Caract\u00e9ristiquesVivants-TG\/17_comment-decrit-etres-vivant.pdf\"\n          target=\"_blank\"          >\n          &#8211; Comment d\u00e9crit-on les \u00eatres vivants?        <\/a>\n            <\/div>\n    <span style=\"display: none;\"\n      class=\"variables-hidden icons-hide\"      >\n      document    <\/span>\n      <\/a>\n<\/div>\n\n\n<div class=\"detailed-link\">\n    <div class=\"link-text\">\n        <a\n          href=\"\/nl-science\/wp-content\/uploads\/sites\/13\/NL-Gr1\/French\/Caract\u00e9ristiquesVivants-TG\/26_comment-peut-on-grouper.pdf\"\n          target=\"_blank\"          >\n          &#8211; Comment peut-on grouper et ordonner les \u00eatres vivants?        <\/a>\n            <\/div>\n    <span style=\"display: none;\"\n      class=\"variables-hidden icons-hide\"      >\n      document    <\/span>\n      <\/a>\n<\/div>\n\n\n<div class=\"detailed-link\">\n    <div class=\"link-text\">\n        <a\n          href=\"\/nl-science\/wp-content\/uploads\/sites\/13\/NL-Gr1\/French\/Caract\u00e9ristiquesVivants-TG\/31_comment-peut-on-comparer.pdf\"\n          target=\"_blank\"          >\n          &#8211; Comment peut-on comparer les \u00eatres vivants?        <\/a>\n            <\/div>\n    <span style=\"display: none;\"\n      class=\"variables-hidden icons-hide\"      >\n      document    <\/span>\n      <\/a>\n<\/div>\n\n\n<div class=\"detailed-link\">\n    <div class=\"link-text\">\n        <a\n          href=\"\/nl-science\/wp-content\/uploads\/sites\/13\/NL-Gr1\/French\/Caract\u00e9ristiquesVivants-TG\/39_comment-peut-on-representer.pdf\"\n          target=\"_blank\"          >\n          &#8211; Comment peut-on repr\u00e9senter les \u00eatres vivants?        <\/a>\n            <\/div>\n    <span style=\"display: none;\"\n      class=\"variables-hidden icons-hide\"      >\n      document    <\/span>\n      <\/a>\n<\/div>\n\n\n<div class=\"detailed-link\">\n    <div class=\"link-text\">\n        <a\n          href=\"\/nl-science\/wp-content\/uploads\/sites\/13\/NL-Gr1\/French\/Caract\u00e9ristiquesVivants-TG\/46_quels-sont-besoins.pdf\"\n          target=\"_blank\"          >\n          &#8211; Quels sont les besoins des \u00eatres vivants?        <\/a>\n            <\/div>\n    <span style=\"display: none;\"\n      class=\"variables-hidden icons-hide\"      >\n      document    <\/span>\n      <\/a>\n<\/div>\n\n\n<div class=\"detailed-link\">\n    <div class=\"link-text\">\n        <a\n          href=\"\/nl-science\/wp-content\/uploads\/sites\/13\/NL-Gr1\/French\/Caract\u00e9ristiquesVivants-TG\/56_Comment-etres-vivants-repondent-ils.pdf\"\n          target=\"_blank\"          >\n          &#8211; Comment les \u00eatres vivants r\u00e9pondent-ils \u00e0 leurs besoins?        <\/a>\n            <\/div>\n    <span style=\"display: none;\"\n      class=\"variables-hidden icons-hide\"      >\n      document    <\/span>\n      <\/a>\n<\/div>\n\n\n<div class=\"detailed-link\">\n    <div class=\"link-text\">\n        <a\n          href=\"\/nl-science\/wp-content\/uploads\/sites\/13\/NL-Gr1\/French\/Caract\u00e9ristiquesVivants-TG\/62_comment-utilise-t-on-etres-vivants.pdf\"\n          target=\"_blank\"          >\n          &#8211; Comment utilise-t-on les \u00eatres vivants et comment en prend-on soin?        <\/a>\n            <\/div>\n    <span style=\"display: none;\"\n      class=\"variables-hidden icons-show\"      >\n      document    <\/span>\n      <\/a>\n<\/div>\n\n\n<div class=\"detailed-link\">\n    <div class=\"link-text\">\n        <a\n          href=\"\/nl-science\/wp-content\/uploads\/sites\/13\/NL-Gr1\/French\/Caract\u00e9ristiquesVivants-TG\/69_comment-oeut-on-preserver-sante.pdf\"\n          target=\"_blank\"          >\n          &#8211; Comment peut-on pr\u00e9server la sant\u00e9 de l\u2019environnement?        <\/a>\n            <\/div>\n    <span style=\"display: none;\"\n      class=\"variables-hidden icons-show\"      >\n      document    <\/span>\n      <\/a>\n<\/div>\n\n\n\n<div style=\"height:102px\" aria-hidden=\"true\" class=\"wp-block-spacer\"><\/div>\n\n\n<a\n  class=\"ed-button small sec-text link-ind\"\n  href=\"\/nl-science\/home\/bienvenue-dans-explorons-la-science-1re-annee\/les-besoins-et-les-caracteristiques-des-etres-vivants\/guide-denseignement\/feuilles-reproductibles-fr\/\"\n    style=\"border-bottom: 2px solid #f8ef45\"\n>\n\n  <div class=\"link-text\">\n    <span\n      class=\"link-name\"\n      style=\"\"\n    ><\/span>\n    <span class=\"secondary\">Feuilles reproductibles<\/span>  <\/div>\n  <span class=\"right-border\" style=\"background:#f8ef45 \"><\/span>\n  \n<\/a>\n\n\n\n<p><\/p>\n<\/div>\n\n\n\n<div class=\"wp-block-column is-layout-flow wp-block-column-is-layout-flow\">\n<div class=\"wp-block-group\"><div class=\"wp-block-group__inner-container is-layout-flow wp-block-group-is-layout-flow\">\n<p class=\"has-text-color\" style=\"color:#f37507\"><strong>\u00c9valuation<\/strong><\/p>\n\n\n<div class=\"detailed-link\">\n    <div class=\"link-text\">\n        <a\n          href=\"\/nl-science\/wp-content\/uploads\/sites\/13\/NL-Gr1\/French\/Caract\u00e9ristiquesVivants-TG\/75_liste-verifcation-resultats.pdf\"\n          target=\"_blank\"          >\n          &#8211; Liste de v\u00e9rification des r\u00e9sultats d\u2019apprentissage sp\u00e9cifiques        <\/a>\n            <\/div>\n    <span style=\"display: none;\"\n      class=\"variables-hidden icons-hide\"      >\n      document    <\/span>\n      <\/a>\n<\/div>\n\n\n<div class=\"detailed-link\">\n    <div class=\"link-text\">\n        <a\n          href=\"\/nl-science\/wp-content\/uploads\/sites\/13\/NL-Gr1\/French\/Caract\u00e9ristiquesVivants-TG\/76_ma-demarche-denquete.pdf\"\n          target=\"_blank\"          >\n          &#8211; Ma d\u00e9marche d\u2019enqu\u00eate        <\/a>\n            <\/div>\n    <span style=\"display: none;\"\n      class=\"variables-hidden icons-hide\"      >\n      document    <\/span>\n      <\/a>\n<\/div>\n\n\n<div class=\"detailed-link\">\n    <div class=\"link-text\">\n        <a\n          href=\"\/nl-science\/wp-content\/uploads\/sites\/13\/NL-Gr1\/French\/Caract\u00e9ristiquesVivants-TG\/77_autoevaluation-processus-lenquete-1.pdf\"\n          target=\"_blank\"          >\n          &#8211; Auto\u00e9valuation du processus de l\u2019enqu\u00eate        <\/a>\n            <\/div>\n    <span style=\"display: none;\"\n      class=\"variables-hidden icons-hide\"      >\n      document    <\/span>\n      <\/a>\n<\/div>\n\n\n<div class=\"detailed-link\">\n    <div class=\"link-text\">\n        <a\n          href=\"\/nl-science\/wp-content\/uploads\/sites\/13\/NL-Gr1\/French\/Caract\u00e9ristiquesVivants-TG\/78_evaluation-processus-lenquete.pdf\"\n          target=\"_blank\"          >\n          &#8211; \u00c9valuation du processus de l\u2019enqu\u00eate        <\/a>\n            <\/div>\n    <span style=\"display: none;\"\n      class=\"variables-hidden icons-hide\"      >\n      document    <\/span>\n      <\/a>\n<\/div>\n\n\n<div class=\"detailed-link\">\n    <div class=\"link-text\">\n        <a\n          href=\"\/nl-science\/wp-content\/uploads\/sites\/13\/NL-Gr1\/French\/Caract\u00e9ristiquesVivants-TG\/78-evaluation-du-processus.docx\"\n          target=\"_blank\"          >\n          &#8211; \u00c9valuation du processus de l\u2019enqu\u00eate\u2013modifiable        <\/a>\n            <\/div>\n    <span style=\"display: none;\"\n      class=\"variables-hidden icons-hide\"      >\n      document    <\/span>\n      <\/a>\n<\/div>\n\n\n<div class=\"detailed-link\">\n    <div class=\"link-text\">\n        <a\n          href=\"\/nl-science\/wp-content\/uploads\/sites\/13\/NL-Gr1\/French\/Caract\u00e9ristiquesVivants-TG\/79_rubrique-evaluation-processus-lenquete.pdf\"\n          target=\"_blank\"          >\n          &#8211; Rubrique d\u2019\u00e9valuation : le processus de l\u2019enqu\u00eate        <\/a>\n            <\/div>\n    <span style=\"display: none;\"\n      class=\"variables-hidden icons-hide\"      >\n      document    <\/span>\n      <\/a>\n<\/div>\n\n\n<div class=\"detailed-link\">\n    <div class=\"link-text\">\n        <a\n          href=\"\/nl-science\/wp-content\/uploads\/sites\/13\/NL-Gr1\/French\/Caract\u00e9ristiquesVivants-TG\/79-rubrique-devaluation.docx\"\n          target=\"_blank\"          >\n          &#8211; Rubrique d\u2019\u00e9valuation : le processus de l\u2019enqu\u00eate\u2013modifiable        <\/a>\n            <\/div>\n    <span style=\"display: none;\"\n      class=\"variables-hidden icons-hide\"      >\n      document    <\/span>\n      <\/a>\n<\/div>\n\n\n<div class=\"detailed-link\">\n    <div class=\"link-text\">\n        <a\n          href=\"\/nl-science\/wp-content\/uploads\/sites\/13\/NL-Gr1\/French\/Caract\u00e9ristiquesVivants-TG\/81_ma-demarche-conception.pdf\"\n          target=\"_blank\"          >\n          &#8211; Ma d\u00e9marche de conception        <\/a>\n            <\/div>\n    <span style=\"display: none;\"\n      class=\"variables-hidden icons-show\"      >\n      document    <\/span>\n      <\/a>\n<\/div>\n\n\n<div class=\"detailed-link\">\n    <div class=\"link-text\">\n        <a\n          href=\"\/nl-science\/wp-content\/uploads\/sites\/13\/NL-Gr1\/French\/Caract\u00e9ristiquesVivants-TG\/82_autoevalutation-processus-conception.pdf\"\n          target=\"_blank\"          >\n          &#8211; Auto\u00e9valuation du processus de la conception        <\/a>\n            <\/div>\n    <span style=\"display: none;\"\n      class=\"variables-hidden icons-show\"      >\n      document    <\/span>\n      <\/a>\n<\/div>\n\n\n<div class=\"detailed-link\">\n    <div class=\"link-text\">\n        <a\n          href=\"\/nl-science\/wp-content\/uploads\/sites\/13\/NL-Gr1\/French\/Caract\u00e9ristiquesVivants-TG\/83_evaluation-processus-conception.pdf\"\n          target=\"_blank\"          >\n          &#8211; \u00c9valuation du processus de la conception        <\/a>\n            <\/div>\n    <span style=\"display: none;\"\n      class=\"variables-hidden icons-show\"      >\n      document    <\/span>\n      <\/a>\n<\/div>\n\n\n<div class=\"detailed-link\">\n    <div class=\"link-text\">\n        <a\n          href=\"\/nl-science\/wp-content\/uploads\/sites\/13\/NL-Gr1\/French\/Caract\u00e9ristiquesVivants-TG\/84_rubrique-evaluation-conception.pdf\"\n          target=\"_blank\"          >\n          &#8211; Rubrique d\u2019\u00e9valuation : le processus de la conception        <\/a>\n            <\/div>\n    <span style=\"display: none;\"\n      class=\"variables-hidden icons-show\"      >\n      document    <\/span>\n      <\/a>\n<\/div>\n\n\n\n<div style=\"height:25px\" aria-hidden=\"true\" class=\"wp-block-spacer\"><\/div>\n\n\n<div class=\"detailed-link\">\n    <div class=\"link-text\">\n        <a\n          href=\"\/nl-science\/wp-content\/uploads\/sites\/13\/NL-Gr1\/French\/Caract\u00e9ristiquesVivants-TG\/86_ressources-supplementaire.pdf\"\n          target=\"_blank\"          >\n          Ressources suppl\u00e9mentaires        <\/a>\n            <\/div>\n    <span style=\"display: none;\"\n      class=\"variables-hidden icons-show\"      >\n      document    <\/span>\n      <\/a>\n<\/div>\n\n\n<div class=\"detailed-link\">\n    <div class=\"link-text\">\n        <a\n          href=\"\/nl-science\/wp-content\/uploads\/sites\/13\/NL-Gr1\/French\/Caract\u00e9ristiquesVivants-TG\/87_lettre-aux-parents-tuteurs.pdf\"\n          target=\"_blank\"          >\n          Lettre aux parents et tuteurs        <\/a>\n            <\/div>\n    <span style=\"display: none;\"\n      class=\"variables-hidden icons-show\"      >\n      document    <\/span>\n      <\/a>\n<\/div>\n\n\n<div class=\"detailed-link\">\n    <div class=\"link-text\">\n        <a\n          href=\"\/nl-science\/wp-content\/uploads\/sites\/13\/NL-Gr1\/French\/Caract\u00e9ristiquesVivants-TG\/88_letter-parents-caregivers.pdf\"\n          target=\"_blank\"          >\n          Letter to Parents and Caregivers        <\/a>\n            <\/div>\n    <span style=\"display: none;\"\n      class=\"variables-hidden icons-show\"      >\n      document    <\/span>\n      <\/a>\n<\/div>\n\n\n\n<p><\/p>\n<\/div><\/div>\n<\/div>\n<\/div>\n","protected":false},"excerpt":{"rendered":"<p>Guide d&#8217;enseignement entier Plans d\u2019enseignement \u00c9valuation<\/p>\n","protected":false},"author":5,"featured_media":0,"parent":6484,"menu_order":1,"comment_status":"closed","ping_status":"closed","template":"","meta":{"protect_children":false,"footnotes":""},"class_list":["post-6771","page","type-page","status-publish","hentry"],"_links":{"self":[{"href":"https:\/\/www3.scholastic.ca\/nl-science\/wp-json\/wp\/v2\/pages\/6771","targetHints":{"allow":["GET"]}}],"collection":[{"href":"https:\/\/www3.scholastic.ca\/nl-science\/wp-json\/wp\/v2\/pages"}],"about":[{"href":"https:\/\/www3.scholastic.ca\/nl-science\/wp-json\/wp\/v2\/types\/page"}],"author":[{"embeddable":true,"href":"https:\/\/www3.scholastic.ca\/nl-science\/wp-json\/wp\/v2\/users\/5"}],"replies":[{"embeddable":true,"href":"https:\/\/www3.scholastic.ca\/nl-science\/wp-json\/wp\/v2\/comments?post=6771"}],"version-history":[{"count":0,"href":"https:\/\/www3.scholastic.ca\/nl-science\/wp-json\/wp\/v2\/pages\/6771\/revisions"}],"up":[{"embeddable":true,"href":"https:\/\/www3.scholastic.ca\/nl-science\/wp-json\/wp\/v2\/pages\/6484"}],"wp:attachment":[{"href":"https:\/\/www3.scholastic.ca\/nl-science\/wp-json\/wp\/v2\/media?parent=6771"}],"curies":[{"name":"wp","href":"https:\/\/api.w.org\/{rel}","templated":true}]}}