{"id":6694,"date":"2021-11-09T15:07:11","date_gmt":"2021-11-09T19:07:11","guid":{"rendered":"https:\/\/www3.scholastic.ca\/nl-science\/?page_id=6694"},"modified":"2021-11-15T11:55:47","modified_gmt":"2021-11-15T15:55:47","slug":"guide-denseignement","status":"publish","type":"page","link":"https:\/\/www3.scholastic.ca\/nl-science\/home\/bienvenue-dans-explorons-la-science-1re-annee\/les-materiaux-et-nos-sens\/guide-denseignement\/","title":{"rendered":"Guide d&#8217;enseignement"},"content":{"rendered":"\n<div class=\"wp-block-columns is-layout-flex wp-container-core-columns-is-layout-9d6595d7 wp-block-columns-is-layout-flex\">\n<div class=\"wp-block-column is-layout-flow wp-block-column-is-layout-flow\" style=\"flex-basis:56%\"><div class=\"detailed-link\">\n    <div class=\"link-text\">\n        <a\n          href=\"javascript: return false;\"\n                    >\n          Remarque : Les pages peuvent \u00eatre t\u00e9l\u00e9charg\u00e9es.        <\/a>\n            <\/div>\n    <span style=\"display: none;\"\n      class=\"variables-hidden icons-show\"      >\n      document    <\/span>\n      <\/a>\n<\/div>\n<\/div>\n\n\n\n<div class=\"wp-block-column is-layout-flow wp-block-column-is-layout-flow\"><\/div>\n<\/div>\n\n\n\n<div class=\"wp-block-columns is-layout-flex wp-container-core-columns-is-layout-9d6595d7 wp-block-columns-is-layout-flex\">\n<div class=\"wp-block-column is-layout-flow wp-block-column-is-layout-flow\" style=\"flex-basis:50%\">\n<div class=\"wp-block-group\"><div class=\"wp-block-group__inner-container is-layout-flow wp-block-group-is-layout-flow\"><div class=\"detailed-link\">\n    <div class=\"link-text\">\n        <a\n          href=\"\/nl-science\/wp-content\/uploads\/sites\/13\/NL-Gr1\/French\/Mat\u00e9riauxSens-TG\/3-bienvenue-materiaux-et-sens.pdf\"\n          target=\"_blank\"          >\n          &#8211; Bienvenue dans le module Les mat\u00e9riaux et nos sens        <\/a>\n            <\/div>\n    <span style=\"display: none;\"\n      class=\"variables-hidden icons-hide\"      >\n      document    <\/span>\n      <\/a>\n<\/div>\n\n\n<div class=\"detailed-link\">\n    <div class=\"link-text\">\n        <a\n          href=\"\/nl-science\/wp-content\/uploads\/sites\/13\/NL-Gr1\/French\/Mat\u00e9riauxSens-TG\/6-guide-de-planification-materiaux.pdf\"\n          target=\"_blank\"          >\n          &#8211; Guide de planification        <\/a>\n            <\/div>\n    <span style=\"display: none;\"\n      class=\"variables-hidden icons-hide\"      >\n      document    <\/span>\n      <\/a>\n<\/div>\n\n\n<div class=\"detailed-link\">\n    <div class=\"link-text\">\n        <a\n          href=\"\/nl-science\/wp-content\/uploads\/sites\/13\/NL-Gr1\/French\/Mat\u00e9riauxSens-TG\/10-preparation-pour-module.pdf\"\n          target=\"_blank\"          >\n          &#8211; Pr\u00e9paration pour le module        <\/a>\n            <\/div>\n    <span style=\"display: none;\"\n      class=\"variables-hidden icons-hide\"      >\n      document    <\/span>\n      <\/a>\n<\/div>\n<\/div><\/div>\n<\/div>\n\n\n\n<div class=\"wp-block-column is-layout-flow wp-block-column-is-layout-flow\" style=\"flex-basis:20%\">\n<div class=\"wp-block-group\"><div class=\"wp-block-group__inner-container is-layout-flow wp-block-group-is-layout-flow\">\n<p class=\"has-text-color\" style=\"color:#f37507\"><strong>Guide d&#8217;enseignement entier <\/strong><\/p>\n\n\n<a\n  class=\"image-button\"\n  href=\"\/nl-science\/wp-content\/uploads\/sites\/13\/NL-Gr1\/French\/Mat\u00e9riauxSens-TG\/les-materiaux-et-nos-sens.pdf\"\n  title=\"Les mat\u00e9riaux et nos sens couverture\"\n>\n\n  <div class=\"link-indicator\"><\/div>\n  <img decoding=\"async\" src=\"https:\/\/www3.scholastic.ca\/nl-science\/wp-content\/uploads\/sites\/13\/NL-TG-Covers\/French\/Gr1_lesMateriuax-sens_TG-cvr.jpg\" alt=\"\"\/>\n\n<\/a>\n<\/div><\/div>\n\n\n\n<p><\/p>\n<\/div>\n<\/div>\n\n\n\n<div class=\"wp-block-columns is-layout-flex wp-container-core-columns-is-layout-9d6595d7 wp-block-columns-is-layout-flex\">\n<div class=\"wp-block-column is-layout-flow wp-block-column-is-layout-flow\">\n<p class=\"has-text-color\" style=\"color:#f37507\"><strong>Plans d\u2019enseignement<\/strong><\/p>\n\n\n<div class=\"detailed-link\">\n    <div class=\"link-text\">\n        <a\n          href=\"\/nl-science\/wp-content\/uploads\/sites\/13\/NL-Gr1\/French\/Mat\u00e9riauxSens-TG\/11-les-cinq-sens.pdf\"\n          target=\"_blank\"          >\n          &#8211; Les cinq sens        <\/a>\n            <\/div>\n    <span style=\"display: none;\"\n      class=\"variables-hidden icons-hide\"      >\n      document    <\/span>\n      <\/a>\n<\/div>\n\n\n<div class=\"detailed-link\">\n    <div class=\"link-text\">\n        <a\n          href=\"\/nl-science\/wp-content\/uploads\/sites\/13\/NL-Gr1\/French\/Mat\u00e9riauxSens-TG\/19-comment-tes-sens.pdf\"\n          target=\"_blank\"          >\n          &#8211; Comment tes sens te prot\u00e8gent-ils?        <\/a>\n            <\/div>\n    <span style=\"display: none;\"\n      class=\"variables-hidden icons-hide\"      >\n      document    <\/span>\n      <\/a>\n<\/div>\n\n\n<div class=\"detailed-link\">\n    <div class=\"link-text\">\n        <a\n          href=\"\/nl-science\/wp-content\/uploads\/sites\/13\/NL-Gr1\/French\/Mat\u00e9riauxSens-TG\/28-comment-decrire.pdf\"\n          target=\"_blank\"          >\n          &#8211; Comment d\u00e9crire les mat\u00e9riaux?        <\/a>\n            <\/div>\n    <span style=\"display: none;\"\n      class=\"variables-hidden icons-hide\"      >\n      document    <\/span>\n      <\/a>\n<\/div>\n\n\n<div class=\"detailed-link\">\n    <div class=\"link-text\">\n        <a\n          href=\"\/nl-science\/wp-content\/uploads\/sites\/13\/NL-Gr1\/French\/Mat\u00e9riauxSens-TG\/34-comment-utilises-tu.pdf\"\n          target=\"_blank\"          >\n          &#8211; Comment utilises-tu tes sens?        <\/a>\n            <\/div>\n    <span style=\"display: none;\"\n      class=\"variables-hidden icons-hide\"      >\n      document    <\/span>\n      <\/a>\n<\/div>\n\n\n<div class=\"detailed-link\">\n    <div class=\"link-text\">\n        <a\n          href=\"\/nl-science\/wp-content\/uploads\/sites\/13\/NL-Gr1\/French\/Mat\u00e9riauxSens-TG\/38-comment-changer-lodeur.pdf\"\n          target=\"_blank\"          >\n          &#8211; Comment changer l\u2019odeur et le go\u00fbt des aliments?        <\/a>\n            <\/div>\n    <span style=\"display: none;\"\n      class=\"variables-hidden icons-hide\"      >\n      document    <\/span>\n      <\/a>\n<\/div>\n\n\n<div class=\"detailed-link\">\n    <div class=\"link-text\">\n        <a\n          href=\"\/nl-science\/wp-content\/uploads\/sites\/13\/NL-Gr1\/French\/Mat\u00e9riauxSens-TG\/46-comment-changer-lapparence.pdf\"\n          target=\"_blank\"          >\n          &#8211; Comment changer l\u2019apparence et la texture des mat\u00e9riaux?        <\/a>\n            <\/div>\n    <span style=\"display: none;\"\n      class=\"variables-hidden icons-hide\"      >\n      document    <\/span>\n      <\/a>\n<\/div>\n\n\n<div class=\"detailed-link\">\n    <div class=\"link-text\">\n        <a\n          href=\"\/nl-science\/wp-content\/uploads\/sites\/13\/NL-Gr1\/French\/Mat\u00e9riauxSens-TG\/54-quels-sons-font-materiaux.pdf\"\n          target=\"_blank\"          >\n          &#8211; Quels sons font les mat\u00e9riaux?        <\/a>\n            <\/div>\n    <span style=\"display: none;\"\n      class=\"variables-hidden icons-hide\"      >\n      document    <\/span>\n      <\/a>\n<\/div>\n\n\n\n<div style=\"height:73px\" aria-hidden=\"true\" class=\"wp-block-spacer\"><\/div>\n\n\n<a\n  class=\"ed-button small sec-text link-ind\"\n  href=\"\/nl-science\/home\/bienvenue-dans-explorons-la-science-1re-annee\/les-materiaux-et-nos-sens\/guide-denseignement\/feuilles-reproductibles-fr\/\"\n    style=\"border-bottom: 2px solid #f8ef45\"\n>\n\n  <div class=\"link-text\">\n    <span\n      class=\"link-name\"\n      style=\"\"\n    ><\/span>\n    <span class=\"secondary\">Feuilles reproductibles<\/span>  <\/div>\n  <span class=\"right-border\" style=\"background:#f8ef45 \"><\/span>\n  \n<\/a>\n\n\n\n<p><\/p>\n<\/div>\n\n\n\n<div class=\"wp-block-column is-layout-flow wp-block-column-is-layout-flow\">\n<div class=\"wp-block-group\"><div class=\"wp-block-group__inner-container is-layout-flow wp-block-group-is-layout-flow\">\n<p class=\"has-text-color\" style=\"color:#f37507\"><strong>\u00c9valuation<\/strong><\/p>\n\n\n<div class=\"detailed-link\">\n    <div class=\"link-text\">\n        <a\n          href=\"\/nl-science\/wp-content\/uploads\/sites\/13\/NL-Gr1\/French\/Mat\u00e9riauxSens-TG\/58-list-verification.pdf\"\n          target=\"_blank\"          >\n          &#8211; Liste de v\u00e9rification des r\u00e9sultats d\u2019apprentissage sp\u00e9cifiques        <\/a>\n            <\/div>\n    <span style=\"display: none;\"\n      class=\"variables-hidden icons-hide\"      >\n      document    <\/span>\n      <\/a>\n<\/div>\n\n\n<div class=\"detailed-link\">\n    <div class=\"link-text\">\n        <a\n          href=\"\/nl-science\/wp-content\/uploads\/sites\/13\/NL-Gr1\/French\/Mat\u00e9riauxSens-TG\/59-ma-demarche-denquete.pdf\"\n          target=\"_blank\"          >\n          &#8211; Ma d\u00e9marche d\u2019enqu\u00eate        <\/a>\n            <\/div>\n    <span style=\"display: none;\"\n      class=\"variables-hidden icons-hide\"      >\n      document    <\/span>\n      <\/a>\n<\/div>\n\n\n<div class=\"detailed-link\">\n    <div class=\"link-text\">\n        <a\n          href=\"\/nl-science\/wp-content\/uploads\/sites\/13\/NL-Gr1\/French\/Mat\u00e9riauxSens-TG\/60-autevaluation-processus.pdf\"\n          target=\"_blank\"          >\n          &#8211; Auto\u00e9valuation du processus de l\u2019enqu\u00eate        <\/a>\n            <\/div>\n    <span style=\"display: none;\"\n      class=\"variables-hidden icons-hide\"      >\n      document    <\/span>\n      <\/a>\n<\/div>\n\n\n<div class=\"detailed-link\">\n    <div class=\"link-text\">\n        <a\n          href=\"\/nl-science\/wp-content\/uploads\/sites\/13\/NL-Gr1\/French\/Mat\u00e9riauxSens-TG\/61-evaluation-du-processus.pdf\"\n          target=\"_blank\"          >\n          &#8211; \u00c9valuation du processus de l\u2019enqu\u00eate        <\/a>\n            <\/div>\n    <span style=\"display: none;\"\n      class=\"variables-hidden icons-hide\"      >\n      document    <\/span>\n      <\/a>\n<\/div>\n\n\n<div class=\"detailed-link\">\n    <div class=\"link-text\">\n        <a\n          href=\"\/nl-science\/wp-content\/uploads\/sites\/13\/NL-Gr1\/French\/Mat\u00e9riauxSens-TG\/61-evaluation-du-processus.docx\"\n          target=\"_blank\"          >\n          &#8211; \u00c9valuation du processus de l\u2019enqu\u00eate\u2013modifiable        <\/a>\n            <\/div>\n    <span style=\"display: none;\"\n      class=\"variables-hidden icons-hide\"      >\n      document    <\/span>\n      <\/a>\n<\/div>\n\n\n<div class=\"detailed-link\">\n    <div class=\"link-text\">\n        <a\n          href=\"\/nl-science\/wp-content\/uploads\/sites\/13\/NL-Gr1\/French\/Mat\u00e9riauxSens-TG\/62-rubrique-devaluation.pdf\"\n          target=\"_blank\"          >\n          &#8211; Rubrique d\u2019\u00e9valuation : le processus de l\u2019enqu\u00eate        <\/a>\n            <\/div>\n    <span style=\"display: none;\"\n      class=\"variables-hidden icons-hide\"      >\n      document    <\/span>\n      <\/a>\n<\/div>\n\n\n<div class=\"detailed-link\">\n    <div class=\"link-text\">\n        <a\n          href=\"\/nl-science\/wp-content\/uploads\/sites\/13\/NL-Gr1\/French\/Mat\u00e9riauxSens-TG\/62-rubrique-devaluation.docx\"\n          target=\"_blank\"          >\n          &#8211; Rubrique d\u2019\u00e9valuation : le processus de l\u2019enqu\u00eate\u2013modifiable        <\/a>\n            <\/div>\n    <span style=\"display: none;\"\n      class=\"variables-hidden icons-hide\"      >\n      document    <\/span>\n      <\/a>\n<\/div>\n\n\n\n<div style=\"height:25px\" aria-hidden=\"true\" class=\"wp-block-spacer\"><\/div>\n\n\n<div class=\"detailed-link\">\n    <div class=\"link-text\">\n        <a\n          href=\"\/nl-science\/wp-content\/uploads\/sites\/13\/NL-Gr1\/French\/Mat\u00e9riauxSens-TG\/64-ressources-supplementaires.pdf\"\n          target=\"_blank\"          >\n          Ressources suppl\u00e9mentaires        <\/a>\n            <\/div>\n    <span style=\"display: none;\"\n      class=\"variables-hidden icons-show\"      >\n      document    <\/span>\n      <\/a>\n<\/div>\n\n\n<div class=\"detailed-link\">\n    <div class=\"link-text\">\n        <a\n          href=\"\/nl-science\/wp-content\/uploads\/sites\/13\/NL-Gr1\/French\/Mat\u00e9riauxSens-TG\/66-lettre-parents-tuteurs.pdf\"\n          target=\"_blank\"          >\n          Lettre aux parents et tuteurs        <\/a>\n            <\/div>\n    <span style=\"display: none;\"\n      class=\"variables-hidden icons-show\"      >\n      document    <\/span>\n      <\/a>\n<\/div>\n\n\n<div class=\"detailed-link\">\n    <div class=\"link-text\">\n        <a\n          href=\"\/nl-science\/wp-content\/uploads\/sites\/13\/NL-Gr1\/French\/Mat\u00e9riauxSens-TG\/67-dear-parents-letter.pdf\"\n          target=\"_blank\"          >\n          Letter to Parents and Caregivers        <\/a>\n            <\/div>\n    <span style=\"display: none;\"\n      class=\"variables-hidden icons-show\"      >\n      document    <\/span>\n      <\/a>\n<\/div>\n\n\n\n<p><\/p>\n<\/div><\/div>\n<\/div>\n<\/div>\n","protected":false},"excerpt":{"rendered":"<p>Guide d&#8217;enseignement entier Plans d\u2019enseignement \u00c9valuation<\/p>\n","protected":false},"author":5,"featured_media":0,"parent":6477,"menu_order":1,"comment_status":"closed","ping_status":"closed","template":"","meta":{"protect_children":false,"footnotes":""},"class_list":["post-6694","page","type-page","status-publish","hentry"],"_links":{"self":[{"href":"https:\/\/www3.scholastic.ca\/nl-science\/wp-json\/wp\/v2\/pages\/6694","targetHints":{"allow":["GET"]}}],"collection":[{"href":"https:\/\/www3.scholastic.ca\/nl-science\/wp-json\/wp\/v2\/pages"}],"about":[{"href":"https:\/\/www3.scholastic.ca\/nl-science\/wp-json\/wp\/v2\/types\/page"}],"author":[{"embeddable":true,"href":"https:\/\/www3.scholastic.ca\/nl-science\/wp-json\/wp\/v2\/users\/5"}],"replies":[{"embeddable":true,"href":"https:\/\/www3.scholastic.ca\/nl-science\/wp-json\/wp\/v2\/comments?post=6694"}],"version-history":[{"count":0,"href":"https:\/\/www3.scholastic.ca\/nl-science\/wp-json\/wp\/v2\/pages\/6694\/revisions"}],"up":[{"embeddable":true,"href":"https:\/\/www3.scholastic.ca\/nl-science\/wp-json\/wp\/v2\/pages\/6477"}],"wp:attachment":[{"href":"https:\/\/www3.scholastic.ca\/nl-science\/wp-json\/wp\/v2\/media?parent=6694"}],"curies":[{"name":"wp","href":"https:\/\/api.w.org\/{rel}","templated":true}]}}